{"id":519,"date":"2025-06-22T21:02:32","date_gmt":"2025-06-22T19:02:32","guid":{"rendered":"https:\/\/stephane-martin.fr\/?page_id=519"},"modified":"2025-08-17T19:54:08","modified_gmt":"2025-08-17T17:54:08","slug":"luchadores","status":"publish","type":"page","link":"https:\/\/stephane-martin.fr\/index.php\/portfolio\/luchadores\/","title":{"rendered":"LUCHADORES"},"content":{"rendered":"\t\t<div data-elementor-type=\"wp-page\" data-elementor-id=\"519\" class=\"elementor elementor-519\">\n\t\t\t\t<div class=\"elementor-element elementor-element-c228926 e-flex e-con-boxed parallax_section_no qode_elementor_container_no e-con e-parent\" data-id=\"c228926\" data-element_type=\"container\">\n\t\t\t\t\t<div class=\"e-con-inner\">\n\t\t\t\t<div class=\"elementor-element elementor-element-29dbd0a elementor-widget elementor-widget-text-editor\" data-id=\"29dbd0a\" data-element_type=\"widget\" data-widget_type=\"text-editor.default\">\n\t\t\t\t<div class=\"elementor-widget-container\">\n\t\t\t\t\t\t\t\t\t<p style=\"text-align: center;\">Les lutteurs mexicains sont des dieux vivant. Saints ou d\u00e9mons, ils ont \u00e9t\u00e9 les premiers \u00e0 m&rsquo;inspirer des portraits en forme d&rsquo;ic\u00f4nes religieuses. Ces idoles pop furent les sujets d\u00e9clencheurs de mon exp\u00e9rimentation de l&rsquo;hommage du sacr\u00e9 au profane et l&rsquo;expression d&rsquo;une certaine douceur malgr\u00e9 la violence de l&rsquo;apparat. Et les regards qui vous transpercent, \u00e0 travers le masque&#8230;\u00a0<\/p>\t\t\t\t\t\t\t\t<\/div>\n\t\t\t\t<\/div>\n\t\t\t\t\t<\/div>\n\t\t\t\t<\/div>\n\t\t<div class=\"elementor-element elementor-element-419e30d3 e-flex e-con-boxed parallax_section_no qode_elementor_container_no e-con e-parent\" data-id=\"419e30d3\" data-element_type=\"container\">\n\t\t\t\t\t<div class=\"e-con-inner\">\n\t\t\t\t<div class=\"elementor-element elementor-element-c88e7cb elementor-widget elementor-widget-bridge_portfolio_list\" data-id=\"c88e7cb\" data-element_type=\"widget\" data-widget_type=\"bridge_portfolio_list.default\">\n\t\t\t\t<div class=\"elementor-widget-container\">\n\t\t\t\t\t<div class='projects_holder_outer v3 portfolio_with_space portfolio_standard'>\n        <div class='projects_holder portfolio_main_holder clearfix v3 standard portfolio_full_image portfolio_one_by_one'>\n        \n        <article class='mix portfolio_category_39 default' style=''>\n    \n    \n    \n                <div class='image_holder'>\n                <a itemprop='url' class='portfolio_link_for_touch' href='https:\/\/stephane-martin.fr\/index.php\/portfolio_page\/save-our-souls\/' target='_self'>\n                    \n<span class='image'><img fetchpriority=\"high\" decoding=\"async\" width=\"960\" height=\"960\" src=\"https:\/\/stephane-martin.fr\/wp-content\/uploads\/2019\/11\/save-our-soul-100x100-1.jpg\" class=\"attachment-full size-full wp-post-image\" alt=\"\" srcset=\"https:\/\/stephane-martin.fr\/wp-content\/uploads\/2019\/11\/save-our-soul-100x100-1.jpg 960w, https:\/\/stephane-martin.fr\/wp-content\/uploads\/2019\/11\/save-our-soul-100x100-1-300x300.jpg 300w, https:\/\/stephane-martin.fr\/wp-content\/uploads\/2019\/11\/save-our-soul-100x100-1-100x100.jpg 100w, https:\/\/stephane-martin.fr\/wp-content\/uploads\/2019\/11\/save-our-soul-100x100-1-600x600.jpg 600w, https:\/\/stephane-martin.fr\/wp-content\/uploads\/2019\/11\/save-our-soul-100x100-1-150x150.jpg 150w, https:\/\/stephane-martin.fr\/wp-content\/uploads\/2019\/11\/save-our-soul-100x100-1-768x768.jpg 768w, https:\/\/stephane-martin.fr\/wp-content\/uploads\/2019\/11\/save-our-soul-100x100-1-570x570.jpg 570w, https:\/\/stephane-martin.fr\/wp-content\/uploads\/2019\/11\/save-our-soul-100x100-1-500x500.jpg 500w, https:\/\/stephane-martin.fr\/wp-content\/uploads\/2019\/11\/save-our-soul-100x100-1-700x700.jpg 700w, https:\/\/stephane-martin.fr\/wp-content\/uploads\/2019\/11\/save-our-soul-100x100-1-650x650.jpg 650w\" sizes=\"(max-width: 960px) 100vw, 960px\" \/><\/span>                <\/a>\n\n                <span class='text_holder'>\n    <span class='text_outer'>\n        <span class='text_inner'>\n            <span class='feature_holder'>\n                        <\/span>\n        <\/span>\n    <\/span>\n<\/span>            <\/div>\n                <div class='portfolio_description ' >\n\n        \n    <h5 itemprop=\"name\" class=\"portfolio_title entry_title\"><a itemprop=\"url\" href=\"https:\/\/stephane-martin.fr\/index.php\/portfolio_page\/save-our-souls\/\"  target=\"_self\"> SAVE OUR SOULS<\/a><\/h5>\n\n\n        \n            <span class=\"project_category\"  >\n    LUCHADORES    <\/span>\n\n    <\/div>\n        \n<\/article>\n        <div class='filler'><\/div>\n            <div class='filler'><\/div>\n            <div class='filler'><\/div>\n        <\/div>\n\n    \n    <\/div>\t\t\t\t<\/div>\n\t\t\t\t<\/div>\n\t\t\t\t\t<\/div>\n\t\t\t\t<\/div>\n\t\t\t\t<\/div>\n\t\t","protected":false},"excerpt":{"rendered":"<p>Les lutteurs mexicains sont des dieux vivant. Saints ou d\u00e9mons, ils ont \u00e9t\u00e9 les premiers \u00e0 m&rsquo;inspirer des portraits en forme d&rsquo;ic\u00f4nes religieuses. Ces idoles pop furent les sujets d\u00e9clencheurs de mon exp\u00e9rimentation de l&rsquo;hommage du sacr\u00e9 au profane et l&rsquo;expression d&rsquo;une certaine douceur malgr\u00e9&#8230;<\/p>\n","protected":false},"author":1,"featured_media":0,"parent":151,"menu_order":0,"comment_status":"closed","ping_status":"closed","template":"full_width.php","meta":{"footnotes":""},"class_list":["post-519","page","type-page","status-publish","hentry"],"yoast_head":"<!-- This site is optimized with the Yoast SEO plugin v25.7 - https:\/\/yoast.com\/wordpress\/plugins\/seo\/ -->\n<title>LUCHADORES - St\u00e9phane MARTIN - Artiste Plasticien<\/title>\n<meta name=\"robots\" content=\"noindex, follow, max-snippet:-1, max-image-preview:large, max-video-preview:-1\" \/>\n<meta property=\"og:locale\" content=\"fr_FR\" \/>\n<meta property=\"og:type\" content=\"article\" \/>\n<meta property=\"og:title\" content=\"LUCHADORES - St\u00e9phane MARTIN - Artiste Plasticien\" \/>\n<meta property=\"og:description\" content=\"Les lutteurs mexicains sont des dieux vivant. Saints ou d\u00e9mons, ils ont \u00e9t\u00e9 les premiers \u00e0 m&rsquo;inspirer des portraits en forme d&rsquo;ic\u00f4nes religieuses. Ces idoles pop furent les sujets d\u00e9clencheurs de mon exp\u00e9rimentation de l&rsquo;hommage du sacr\u00e9 au profane et l&rsquo;expression d&rsquo;une certaine douceur malgr\u00e9...\" \/>\n<meta property=\"og:url\" content=\"https:\/\/stephane-martin.fr\/index.php\/portfolio\/luchadores\/\" \/>\n<meta property=\"og:site_name\" content=\"St\u00e9phane MARTIN - Artiste Plasticien\" \/>\n<meta property=\"article:modified_time\" content=\"2025-08-17T17:54:08+00:00\" \/>\n<meta property=\"og:image\" content=\"https:\/\/stephane-martin.fr\/wp-content\/uploads\/2019\/11\/save-our-soul-100x100-1.jpg\" \/>\n<meta name=\"twitter:card\" content=\"summary_large_image\" \/>\n<meta name=\"twitter:label1\" content=\"Dur\u00e9e de lecture estim\u00e9e\" \/>\n\t<meta name=\"twitter:data1\" content=\"1 minute\" \/>\n<script type=\"application\/ld+json\" class=\"yoast-schema-graph\">{\"@context\":\"https:\/\/schema.org\",\"@graph\":[{\"@type\":\"WebPage\",\"@id\":\"https:\/\/stephane-martin.fr\/index.php\/portfolio\/luchadores\/\",\"url\":\"https:\/\/stephane-martin.fr\/index.php\/portfolio\/luchadores\/\",\"name\":\"LUCHADORES - St\u00e9phane MARTIN - Artiste Plasticien\",\"isPartOf\":{\"@id\":\"https:\/\/stephane-martin.fr\/#website\"},\"primaryImageOfPage\":{\"@id\":\"https:\/\/stephane-martin.fr\/index.php\/portfolio\/luchadores\/#primaryimage\"},\"image\":{\"@id\":\"https:\/\/stephane-martin.fr\/index.php\/portfolio\/luchadores\/#primaryimage\"},\"thumbnailUrl\":\"https:\/\/stephane-martin.fr\/wp-content\/uploads\/2019\/11\/save-our-soul-100x100-1.jpg\",\"datePublished\":\"2025-06-22T19:02:32+00:00\",\"dateModified\":\"2025-08-17T17:54:08+00:00\",\"breadcrumb\":{\"@id\":\"https:\/\/stephane-martin.fr\/index.php\/portfolio\/luchadores\/#breadcrumb\"},\"inLanguage\":\"fr-FR\",\"potentialAction\":[{\"@type\":\"ReadAction\",\"target\":[\"https:\/\/stephane-martin.fr\/index.php\/portfolio\/luchadores\/\"]}]},{\"@type\":\"ImageObject\",\"inLanguage\":\"fr-FR\",\"@id\":\"https:\/\/stephane-martin.fr\/index.php\/portfolio\/luchadores\/#primaryimage\",\"url\":\"https:\/\/stephane-martin.fr\/wp-content\/uploads\/2019\/11\/save-our-soul-100x100-1.jpg\",\"contentUrl\":\"https:\/\/stephane-martin.fr\/wp-content\/uploads\/2019\/11\/save-our-soul-100x100-1.jpg\",\"width\":960,\"height\":960},{\"@type\":\"BreadcrumbList\",\"@id\":\"https:\/\/stephane-martin.fr\/index.php\/portfolio\/luchadores\/#breadcrumb\",\"itemListElement\":[{\"@type\":\"ListItem\",\"position\":1,\"name\":\"Accueil\",\"item\":\"https:\/\/stephane-martin.fr\/\"},{\"@type\":\"ListItem\",\"position\":2,\"name\":\"Oeuvres\",\"item\":\"https:\/\/stephane-martin.fr\/index.php\/portfolio\/\"},{\"@type\":\"ListItem\",\"position\":3,\"name\":\"LUCHADORES\"}]},{\"@type\":\"WebSite\",\"@id\":\"https:\/\/stephane-martin.fr\/#website\",\"url\":\"https:\/\/stephane-martin.fr\/\",\"name\":\"St\u00e9phane MARTIN - Artiste Plasticien\",\"description\":\"Peintre d&#039;Ic\u00f4nes Contemporaines\",\"publisher\":{\"@id\":\"https:\/\/stephane-martin.fr\/#\/schema\/person\/f4352cda1c7a9ea65fc2123cecb55af9\"},\"potentialAction\":[{\"@type\":\"SearchAction\",\"target\":{\"@type\":\"EntryPoint\",\"urlTemplate\":\"https:\/\/stephane-martin.fr\/?s={search_term_string}\"},\"query-input\":{\"@type\":\"PropertyValueSpecification\",\"valueRequired\":true,\"valueName\":\"search_term_string\"}}],\"inLanguage\":\"fr-FR\"},{\"@type\":[\"Person\",\"Organization\"],\"@id\":\"https:\/\/stephane-martin.fr\/#\/schema\/person\/f4352cda1c7a9ea65fc2123cecb55af9\",\"name\":\"St\u00e9phane MARTIN\",\"image\":{\"@type\":\"ImageObject\",\"inLanguage\":\"fr-FR\",\"@id\":\"https:\/\/stephane-martin.fr\/#\/schema\/person\/image\/\",\"url\":\"https:\/\/stephane-martin.fr\/wp-content\/uploads\/2025\/06\/favicon.png\",\"contentUrl\":\"https:\/\/stephane-martin.fr\/wp-content\/uploads\/2025\/06\/favicon.png\",\"width\":512,\"height\":512,\"caption\":\"St\u00e9phane MARTIN\"},\"logo\":{\"@id\":\"https:\/\/stephane-martin.fr\/#\/schema\/person\/image\/\"},\"sameAs\":[\"http:\/\/stephane-martin.fr\"]}]}<\/script>\n<!-- \/ Yoast SEO plugin. -->","yoast_head_json":{"title":"LUCHADORES - St\u00e9phane MARTIN - Artiste Plasticien","robots":{"index":"noindex","follow":"follow","max-snippet":"max-snippet:-1","max-image-preview":"max-image-preview:large","max-video-preview":"max-video-preview:-1"},"og_locale":"fr_FR","og_type":"article","og_title":"LUCHADORES - St\u00e9phane MARTIN - Artiste Plasticien","og_description":"Les lutteurs mexicains sont des dieux vivant. Saints ou d\u00e9mons, ils ont \u00e9t\u00e9 les premiers \u00e0 m&rsquo;inspirer des portraits en forme d&rsquo;ic\u00f4nes religieuses. Ces idoles pop furent les sujets d\u00e9clencheurs de mon exp\u00e9rimentation de l&rsquo;hommage du sacr\u00e9 au profane et l&rsquo;expression d&rsquo;une certaine douceur malgr\u00e9...","og_url":"https:\/\/stephane-martin.fr\/index.php\/portfolio\/luchadores\/","og_site_name":"St\u00e9phane MARTIN - Artiste Plasticien","article_modified_time":"2025-08-17T17:54:08+00:00","og_image":[{"url":"https:\/\/stephane-martin.fr\/wp-content\/uploads\/2019\/11\/save-our-soul-100x100-1.jpg","type":"","width":"","height":""}],"twitter_card":"summary_large_image","twitter_misc":{"Dur\u00e9e de lecture estim\u00e9e":"1 minute"},"schema":{"@context":"https:\/\/schema.org","@graph":[{"@type":"WebPage","@id":"https:\/\/stephane-martin.fr\/index.php\/portfolio\/luchadores\/","url":"https:\/\/stephane-martin.fr\/index.php\/portfolio\/luchadores\/","name":"LUCHADORES - St\u00e9phane MARTIN - Artiste Plasticien","isPartOf":{"@id":"https:\/\/stephane-martin.fr\/#website"},"primaryImageOfPage":{"@id":"https:\/\/stephane-martin.fr\/index.php\/portfolio\/luchadores\/#primaryimage"},"image":{"@id":"https:\/\/stephane-martin.fr\/index.php\/portfolio\/luchadores\/#primaryimage"},"thumbnailUrl":"https:\/\/stephane-martin.fr\/wp-content\/uploads\/2019\/11\/save-our-soul-100x100-1.jpg","datePublished":"2025-06-22T19:02:32+00:00","dateModified":"2025-08-17T17:54:08+00:00","breadcrumb":{"@id":"https:\/\/stephane-martin.fr\/index.php\/portfolio\/luchadores\/#breadcrumb"},"inLanguage":"fr-FR","potentialAction":[{"@type":"ReadAction","target":["https:\/\/stephane-martin.fr\/index.php\/portfolio\/luchadores\/"]}]},{"@type":"ImageObject","inLanguage":"fr-FR","@id":"https:\/\/stephane-martin.fr\/index.php\/portfolio\/luchadores\/#primaryimage","url":"https:\/\/stephane-martin.fr\/wp-content\/uploads\/2019\/11\/save-our-soul-100x100-1.jpg","contentUrl":"https:\/\/stephane-martin.fr\/wp-content\/uploads\/2019\/11\/save-our-soul-100x100-1.jpg","width":960,"height":960},{"@type":"BreadcrumbList","@id":"https:\/\/stephane-martin.fr\/index.php\/portfolio\/luchadores\/#breadcrumb","itemListElement":[{"@type":"ListItem","position":1,"name":"Accueil","item":"https:\/\/stephane-martin.fr\/"},{"@type":"ListItem","position":2,"name":"Oeuvres","item":"https:\/\/stephane-martin.fr\/index.php\/portfolio\/"},{"@type":"ListItem","position":3,"name":"LUCHADORES"}]},{"@type":"WebSite","@id":"https:\/\/stephane-martin.fr\/#website","url":"https:\/\/stephane-martin.fr\/","name":"St\u00e9phane MARTIN - Artiste Plasticien","description":"Peintre d&#039;Ic\u00f4nes Contemporaines","publisher":{"@id":"https:\/\/stephane-martin.fr\/#\/schema\/person\/f4352cda1c7a9ea65fc2123cecb55af9"},"potentialAction":[{"@type":"SearchAction","target":{"@type":"EntryPoint","urlTemplate":"https:\/\/stephane-martin.fr\/?s={search_term_string}"},"query-input":{"@type":"PropertyValueSpecification","valueRequired":true,"valueName":"search_term_string"}}],"inLanguage":"fr-FR"},{"@type":["Person","Organization"],"@id":"https:\/\/stephane-martin.fr\/#\/schema\/person\/f4352cda1c7a9ea65fc2123cecb55af9","name":"St\u00e9phane MARTIN","image":{"@type":"ImageObject","inLanguage":"fr-FR","@id":"https:\/\/stephane-martin.fr\/#\/schema\/person\/image\/","url":"https:\/\/stephane-martin.fr\/wp-content\/uploads\/2025\/06\/favicon.png","contentUrl":"https:\/\/stephane-martin.fr\/wp-content\/uploads\/2025\/06\/favicon.png","width":512,"height":512,"caption":"St\u00e9phane MARTIN"},"logo":{"@id":"https:\/\/stephane-martin.fr\/#\/schema\/person\/image\/"},"sameAs":["http:\/\/stephane-martin.fr"]}]}},"_links":{"self":[{"href":"https:\/\/stephane-martin.fr\/index.php\/wp-json\/wp\/v2\/pages\/519","targetHints":{"allow":["GET"]}}],"collection":[{"href":"https:\/\/stephane-martin.fr\/index.php\/wp-json\/wp\/v2\/pages"}],"about":[{"href":"https:\/\/stephane-martin.fr\/index.php\/wp-json\/wp\/v2\/types\/page"}],"author":[{"embeddable":true,"href":"https:\/\/stephane-martin.fr\/index.php\/wp-json\/wp\/v2\/users\/1"}],"replies":[{"embeddable":true,"href":"https:\/\/stephane-martin.fr\/index.php\/wp-json\/wp\/v2\/comments?post=519"}],"version-history":[{"count":25,"href":"https:\/\/stephane-martin.fr\/index.php\/wp-json\/wp\/v2\/pages\/519\/revisions"}],"predecessor-version":[{"id":1404,"href":"https:\/\/stephane-martin.fr\/index.php\/wp-json\/wp\/v2\/pages\/519\/revisions\/1404"}],"up":[{"embeddable":true,"href":"https:\/\/stephane-martin.fr\/index.php\/wp-json\/wp\/v2\/pages\/151"}],"wp:attachment":[{"href":"https:\/\/stephane-martin.fr\/index.php\/wp-json\/wp\/v2\/media?parent=519"}],"curies":[{"name":"wp","href":"https:\/\/api.w.org\/{rel}","templated":true}]}}