{"id":514,"date":"2025-06-22T21:00:41","date_gmt":"2025-06-22T19:00:41","guid":{"rendered":"https:\/\/stephane-martin.fr\/?page_id=514"},"modified":"2025-08-17T19:49:58","modified_gmt":"2025-08-17T17:49:58","slug":"queens","status":"publish","type":"page","link":"https:\/\/stephane-martin.fr\/index.php\/portfolio\/queens\/","title":{"rendered":"FLESH FOR FANTASY"},"content":{"rendered":"\t\t<div data-elementor-type=\"wp-page\" data-elementor-id=\"514\" class=\"elementor elementor-514\">\n\t\t\t\t<div class=\"elementor-element elementor-element-7ac085ba e-flex e-con-boxed parallax_section_no qode_elementor_container_no e-con e-parent\" data-id=\"7ac085ba\" data-element_type=\"container\">\n\t\t\t\t\t<div class=\"e-con-inner\">\n\t\t\t\t<div class=\"elementor-element elementor-element-29dbd0a elementor-widget elementor-widget-text-editor\" data-id=\"29dbd0a\" data-element_type=\"widget\" data-widget_type=\"text-editor.default\">\n\t\t\t\t<div class=\"elementor-widget-container\">\n\t\t\t\t\t\t\t\t\t<p style=\"text-align: center;\">Le d\u00e9sir et le fantasme \u00e9voqu\u00e9s sous forme d&rsquo;ic\u00f4nes sacr\u00e9es o\u00f9 la chair se r\u00e9v\u00e8le ou se cache \u00e0 notre regard forc\u00e9ment \u00ab\u00a0voyeur\u00a0\u00bb. <br \/>Les fond d&rsquo;or entre en comp\u00e9tition avec la brillance des mati\u00e8res peintes dans un jeu en trompe-l&rsquo;oeil qui nous parle d&rsquo;alt\u00e9rit\u00e9.<\/p>\t\t\t\t\t\t\t\t<\/div>\n\t\t\t\t<\/div>\n\t\t\t\t\t<\/div>\n\t\t\t\t<\/div>\n\t\t<div class=\"elementor-element elementor-element-127bb08a e-flex e-con-boxed parallax_section_no qode_elementor_container_no e-con e-parent\" data-id=\"127bb08a\" data-element_type=\"container\">\n\t\t\t\t\t<div class=\"e-con-inner\">\n\t\t\t\t<div class=\"elementor-element elementor-element-c88e7cb elementor-widget elementor-widget-bridge_portfolio_list\" data-id=\"c88e7cb\" data-element_type=\"widget\" data-widget_type=\"bridge_portfolio_list.default\">\n\t\t\t\t<div class=\"elementor-widget-container\">\n\t\t\t\t\t<div class='projects_holder_outer v3 portfolio_with_space portfolio_standard'>\n        <div class='projects_holder portfolio_main_holder clearfix v3 standard portfolio_full_image portfolio_one_by_one'>\n        \n        <article class='mix portfolio_category_38 portfolio_category_41 default' style=''>\n    \n    \n    \n                <div class='image_holder'>\n                <a itemprop='url' class='portfolio_link_for_touch' href='https:\/\/stephane-martin.fr\/index.php\/portfolio_page\/je-suis-une-chimere\/' target='_self'>\n                    \n<span class='image'><img fetchpriority=\"high\" decoding=\"async\" width=\"2560\" height=\"2560\" src=\"https:\/\/stephane-martin.fr\/wp-content\/uploads\/2025\/06\/je-suis-uen-chimere-100x100-2-scaled.jpg\" class=\"attachment-full size-full wp-post-image\" alt=\"\" srcset=\"https:\/\/stephane-martin.fr\/wp-content\/uploads\/2025\/06\/je-suis-uen-chimere-100x100-2-scaled.jpg 2560w, https:\/\/stephane-martin.fr\/wp-content\/uploads\/2025\/06\/je-suis-uen-chimere-100x100-2-300x300.jpg 300w, https:\/\/stephane-martin.fr\/wp-content\/uploads\/2025\/06\/je-suis-uen-chimere-100x100-2-1024x1024.jpg 1024w, https:\/\/stephane-martin.fr\/wp-content\/uploads\/2025\/06\/je-suis-uen-chimere-100x100-2-150x150.jpg 150w, https:\/\/stephane-martin.fr\/wp-content\/uploads\/2025\/06\/je-suis-uen-chimere-100x100-2-768x768.jpg 768w, https:\/\/stephane-martin.fr\/wp-content\/uploads\/2025\/06\/je-suis-uen-chimere-100x100-2-1536x1536.jpg 1536w, https:\/\/stephane-martin.fr\/wp-content\/uploads\/2025\/06\/je-suis-uen-chimere-100x100-2-2048x2048.jpg 2048w, https:\/\/stephane-martin.fr\/wp-content\/uploads\/2025\/06\/je-suis-uen-chimere-100x100-2-570x570.jpg 570w, https:\/\/stephane-martin.fr\/wp-content\/uploads\/2025\/06\/je-suis-uen-chimere-100x100-2-500x500.jpg 500w, https:\/\/stephane-martin.fr\/wp-content\/uploads\/2025\/06\/je-suis-uen-chimere-100x100-2-1000x1000.jpg 1000w, https:\/\/stephane-martin.fr\/wp-content\/uploads\/2025\/06\/je-suis-uen-chimere-100x100-2-700x700.jpg 700w, https:\/\/stephane-martin.fr\/wp-content\/uploads\/2025\/06\/je-suis-uen-chimere-100x100-2-650x650.jpg 650w, https:\/\/stephane-martin.fr\/wp-content\/uploads\/2025\/06\/je-suis-uen-chimere-100x100-2-1300x1300.jpg 1300w, https:\/\/stephane-martin.fr\/wp-content\/uploads\/2025\/06\/je-suis-uen-chimere-100x100-2-600x600.jpg 600w, https:\/\/stephane-martin.fr\/wp-content\/uploads\/2025\/06\/je-suis-uen-chimere-100x100-2-100x100.jpg 100w\" sizes=\"(max-width: 2560px) 100vw, 2560px\" \/><\/span>                <\/a>\n\n                <span class='text_holder'>\n    <span class='text_outer'>\n        <span class='text_inner'>\n            <span class='feature_holder'>\n                        <\/span>\n        <\/span>\n    <\/span>\n<\/span>            <\/div>\n                <div class='portfolio_description ' >\n\n        \n    <h5 itemprop=\"name\" class=\"portfolio_title entry_title\"><a itemprop=\"url\" href=\"https:\/\/stephane-martin.fr\/index.php\/portfolio_page\/je-suis-une-chimere\/\"  target=\"_self\"> JE SUIS UNE CHIM\u00c8RE<\/a><\/h5>\n\n\n        \n            <span class=\"project_category\"  >\n    FLESH FOR FANTASY, MYTHOLOGIES    <\/span>\n\n    <\/div>\n        \n<\/article>\n<article class='mix portfolio_category_38 portfolio_category_41 default' style=''>\n    \n    \n    \n                <div class='image_holder'>\n                <a itemprop='url' class='portfolio_link_for_touch' href='https:\/\/stephane-martin.fr\/index.php\/portfolio_page\/alcmene\/' target='_self'>\n                    \n<span class='image'><img decoding=\"async\" width=\"1319\" height=\"1346\" src=\"https:\/\/stephane-martin.fr\/wp-content\/uploads\/2019\/11\/alcmene-50x50-1.jpg\" class=\"attachment-full size-full wp-post-image\" alt=\"\" srcset=\"https:\/\/stephane-martin.fr\/wp-content\/uploads\/2019\/11\/alcmene-50x50-1.jpg 1319w, https:\/\/stephane-martin.fr\/wp-content\/uploads\/2019\/11\/alcmene-50x50-1-600x612.jpg 600w, https:\/\/stephane-martin.fr\/wp-content\/uploads\/2019\/11\/alcmene-50x50-1-294x300.jpg 294w, https:\/\/stephane-martin.fr\/wp-content\/uploads\/2019\/11\/alcmene-50x50-1-1003x1024.jpg 1003w, https:\/\/stephane-martin.fr\/wp-content\/uploads\/2019\/11\/alcmene-50x50-1-768x784.jpg 768w, https:\/\/stephane-martin.fr\/wp-content\/uploads\/2019\/11\/alcmene-50x50-1-700x714.jpg 700w\" sizes=\"(max-width: 1319px) 100vw, 1319px\" \/><\/span>                <\/a>\n\n                <span class='text_holder'>\n    <span class='text_outer'>\n        <span class='text_inner'>\n            <span class='feature_holder'>\n                        <\/span>\n        <\/span>\n    <\/span>\n<\/span>            <\/div>\n                <div class='portfolio_description ' >\n\n        \n    <h5 itemprop=\"name\" class=\"portfolio_title entry_title\"><a itemprop=\"url\" href=\"https:\/\/stephane-martin.fr\/index.php\/portfolio_page\/alcmene\/\"  target=\"_self\"> ALCMENE<\/a><\/h5>\n\n\n        \n            <span class=\"project_category\"  >\n    FLESH FOR FANTASY, MYTHOLOGIES    <\/span>\n\n    <\/div>\n        \n<\/article>\n<article class='mix portfolio_category_38 default' style=''>\n    \n    \n    \n                <div class='image_holder'>\n                <a itemprop='url' class='portfolio_link_for_touch' href='https:\/\/stephane-martin.fr\/index.php\/portfolio_page\/flowers\/' target='_self'>\n                    \n<span class='image'><img decoding=\"async\" width=\"960\" height=\"960\" src=\"https:\/\/stephane-martin.fr\/wp-content\/uploads\/2019\/11\/flowers-50x50-1.jpg\" class=\"attachment-full size-full wp-post-image\" alt=\"\" srcset=\"https:\/\/stephane-martin.fr\/wp-content\/uploads\/2019\/11\/flowers-50x50-1.jpg 960w, https:\/\/stephane-martin.fr\/wp-content\/uploads\/2019\/11\/flowers-50x50-1-300x300.jpg 300w, https:\/\/stephane-martin.fr\/wp-content\/uploads\/2019\/11\/flowers-50x50-1-100x100.jpg 100w, https:\/\/stephane-martin.fr\/wp-content\/uploads\/2019\/11\/flowers-50x50-1-600x600.jpg 600w, https:\/\/stephane-martin.fr\/wp-content\/uploads\/2019\/11\/flowers-50x50-1-150x150.jpg 150w, https:\/\/stephane-martin.fr\/wp-content\/uploads\/2019\/11\/flowers-50x50-1-768x768.jpg 768w, https:\/\/stephane-martin.fr\/wp-content\/uploads\/2019\/11\/flowers-50x50-1-570x570.jpg 570w, https:\/\/stephane-martin.fr\/wp-content\/uploads\/2019\/11\/flowers-50x50-1-500x500.jpg 500w, https:\/\/stephane-martin.fr\/wp-content\/uploads\/2019\/11\/flowers-50x50-1-700x700.jpg 700w, https:\/\/stephane-martin.fr\/wp-content\/uploads\/2019\/11\/flowers-50x50-1-650x650.jpg 650w\" sizes=\"(max-width: 960px) 100vw, 960px\" \/><\/span>                <\/a>\n\n                <span class='text_holder'>\n    <span class='text_outer'>\n        <span class='text_inner'>\n            <span class='feature_holder'>\n                        <\/span>\n        <\/span>\n    <\/span>\n<\/span>            <\/div>\n                <div class='portfolio_description ' >\n\n        \n    <h5 itemprop=\"name\" class=\"portfolio_title entry_title\"><a itemprop=\"url\" href=\"https:\/\/stephane-martin.fr\/index.php\/portfolio_page\/flowers\/\"  target=\"_self\"> FLOWERS<\/a><\/h5>\n\n\n        \n            <span class=\"project_category\"  >\n    FLESH FOR FANTASY    <\/span>\n\n    <\/div>\n        \n<\/article>\n<article class='mix portfolio_category_38 default' style=''>\n    \n    \n    \n                <div class='image_holder'>\n                <a itemprop='url' class='portfolio_link_for_touch' href='https:\/\/stephane-martin.fr\/index.php\/portfolio_page\/le-corset\/' target='_self'>\n                    \n<span class='image'><img loading=\"lazy\" decoding=\"async\" width=\"1440\" height=\"1440\" src=\"https:\/\/stephane-martin.fr\/wp-content\/uploads\/2023\/02\/324741601_8554581974613424_2118317957181368839_n.jpg\" class=\"attachment-full size-full wp-post-image\" alt=\"\" srcset=\"https:\/\/stephane-martin.fr\/wp-content\/uploads\/2023\/02\/324741601_8554581974613424_2118317957181368839_n.jpg 1440w, https:\/\/stephane-martin.fr\/wp-content\/uploads\/2023\/02\/324741601_8554581974613424_2118317957181368839_n-300x300.jpg 300w, https:\/\/stephane-martin.fr\/wp-content\/uploads\/2023\/02\/324741601_8554581974613424_2118317957181368839_n-100x100.jpg 100w, https:\/\/stephane-martin.fr\/wp-content\/uploads\/2023\/02\/324741601_8554581974613424_2118317957181368839_n-600x600.jpg 600w, https:\/\/stephane-martin.fr\/wp-content\/uploads\/2023\/02\/324741601_8554581974613424_2118317957181368839_n-1024x1024.jpg 1024w, https:\/\/stephane-martin.fr\/wp-content\/uploads\/2023\/02\/324741601_8554581974613424_2118317957181368839_n-150x150.jpg 150w, https:\/\/stephane-martin.fr\/wp-content\/uploads\/2023\/02\/324741601_8554581974613424_2118317957181368839_n-768x768.jpg 768w, https:\/\/stephane-martin.fr\/wp-content\/uploads\/2023\/02\/324741601_8554581974613424_2118317957181368839_n-1080x1080.jpg 1080w, https:\/\/stephane-martin.fr\/wp-content\/uploads\/2023\/02\/324741601_8554581974613424_2118317957181368839_n-1280x1280.jpg 1280w, https:\/\/stephane-martin.fr\/wp-content\/uploads\/2023\/02\/324741601_8554581974613424_2118317957181368839_n-980x980.jpg 980w, https:\/\/stephane-martin.fr\/wp-content\/uploads\/2023\/02\/324741601_8554581974613424_2118317957181368839_n-480x480.jpg 480w\" sizes=\"(max-width: 1440px) 100vw, 1440px\" \/><\/span>                <\/a>\n\n                <span class='text_holder'>\n    <span class='text_outer'>\n        <span class='text_inner'>\n            <span class='feature_holder'>\n                        <\/span>\n        <\/span>\n    <\/span>\n<\/span>            <\/div>\n                <div class='portfolio_description ' >\n\n        \n    <h5 itemprop=\"name\" class=\"portfolio_title entry_title\"><a itemprop=\"url\" href=\"https:\/\/stephane-martin.fr\/index.php\/portfolio_page\/le-corset\/\"  target=\"_self\"> LE CORSET<\/a><\/h5>\n\n\n        \n            <span class=\"project_category\"  >\n    FLESH FOR FANTASY    <\/span>\n\n    <\/div>\n        \n<\/article>\n<article class='mix portfolio_category_38 portfolio_category_41 default' style=''>\n    \n    \n    \n                <div class='image_holder'>\n                <a itemprop='url' class='portfolio_link_for_touch' href='https:\/\/stephane-martin.fr\/index.php\/portfolio_page\/proserpina\/' target='_self'>\n                    \n<span class='image'><img loading=\"lazy\" decoding=\"async\" width=\"960\" height=\"960\" src=\"https:\/\/stephane-martin.fr\/wp-content\/uploads\/2019\/11\/proserpina-50x50-1.jpg\" class=\"attachment-full size-full wp-post-image\" alt=\"\" srcset=\"https:\/\/stephane-martin.fr\/wp-content\/uploads\/2019\/11\/proserpina-50x50-1.jpg 960w, https:\/\/stephane-martin.fr\/wp-content\/uploads\/2019\/11\/proserpina-50x50-1-300x300.jpg 300w, https:\/\/stephane-martin.fr\/wp-content\/uploads\/2019\/11\/proserpina-50x50-1-100x100.jpg 100w, https:\/\/stephane-martin.fr\/wp-content\/uploads\/2019\/11\/proserpina-50x50-1-600x600.jpg 600w, https:\/\/stephane-martin.fr\/wp-content\/uploads\/2019\/11\/proserpina-50x50-1-150x150.jpg 150w, https:\/\/stephane-martin.fr\/wp-content\/uploads\/2019\/11\/proserpina-50x50-1-768x768.jpg 768w, https:\/\/stephane-martin.fr\/wp-content\/uploads\/2019\/11\/proserpina-50x50-1-570x570.jpg 570w, https:\/\/stephane-martin.fr\/wp-content\/uploads\/2019\/11\/proserpina-50x50-1-500x500.jpg 500w, https:\/\/stephane-martin.fr\/wp-content\/uploads\/2019\/11\/proserpina-50x50-1-700x700.jpg 700w, https:\/\/stephane-martin.fr\/wp-content\/uploads\/2019\/11\/proserpina-50x50-1-650x650.jpg 650w\" sizes=\"(max-width: 960px) 100vw, 960px\" \/><\/span>                <\/a>\n\n                <span class='text_holder'>\n    <span class='text_outer'>\n        <span class='text_inner'>\n            <span class='feature_holder'>\n                        <\/span>\n        <\/span>\n    <\/span>\n<\/span>            <\/div>\n                <div class='portfolio_description ' >\n\n        \n    <h5 itemprop=\"name\" class=\"portfolio_title entry_title\"><a itemprop=\"url\" href=\"https:\/\/stephane-martin.fr\/index.php\/portfolio_page\/proserpina\/\"  target=\"_self\"> PROSERPINA<\/a><\/h5>\n\n\n        \n            <span class=\"project_category\"  >\n    FLESH FOR FANTASY, MYTHOLOGIES    <\/span>\n\n    <\/div>\n        \n<\/article>\n<article class='mix portfolio_category_38 portfolio_category_41 default' style=''>\n    \n    \n    \n                <div class='image_holder'>\n                <a itemprop='url' class='portfolio_link_for_touch' href='https:\/\/stephane-martin.fr\/index.php\/portfolio_page\/eurydice\/' target='_self'>\n                    \n<span class='image'><img loading=\"lazy\" decoding=\"async\" width=\"960\" height=\"960\" src=\"https:\/\/stephane-martin.fr\/wp-content\/uploads\/2019\/11\/eurydice-100x100-1.jpg\" class=\"attachment-full size-full wp-post-image\" alt=\"\" srcset=\"https:\/\/stephane-martin.fr\/wp-content\/uploads\/2019\/11\/eurydice-100x100-1.jpg 960w, https:\/\/stephane-martin.fr\/wp-content\/uploads\/2019\/11\/eurydice-100x100-1-300x300.jpg 300w, https:\/\/stephane-martin.fr\/wp-content\/uploads\/2019\/11\/eurydice-100x100-1-100x100.jpg 100w, https:\/\/stephane-martin.fr\/wp-content\/uploads\/2019\/11\/eurydice-100x100-1-600x600.jpg 600w, https:\/\/stephane-martin.fr\/wp-content\/uploads\/2019\/11\/eurydice-100x100-1-150x150.jpg 150w, https:\/\/stephane-martin.fr\/wp-content\/uploads\/2019\/11\/eurydice-100x100-1-768x768.jpg 768w, https:\/\/stephane-martin.fr\/wp-content\/uploads\/2019\/11\/eurydice-100x100-1-570x570.jpg 570w, https:\/\/stephane-martin.fr\/wp-content\/uploads\/2019\/11\/eurydice-100x100-1-500x500.jpg 500w, https:\/\/stephane-martin.fr\/wp-content\/uploads\/2019\/11\/eurydice-100x100-1-700x700.jpg 700w, https:\/\/stephane-martin.fr\/wp-content\/uploads\/2019\/11\/eurydice-100x100-1-650x650.jpg 650w\" sizes=\"(max-width: 960px) 100vw, 960px\" \/><\/span>                <\/a>\n\n                <span class='text_holder'>\n    <span class='text_outer'>\n        <span class='text_inner'>\n            <span class='feature_holder'>\n                        <\/span>\n        <\/span>\n    <\/span>\n<\/span>            <\/div>\n                <div class='portfolio_description ' >\n\n        \n    <h5 itemprop=\"name\" class=\"portfolio_title entry_title\"><a itemprop=\"url\" href=\"https:\/\/stephane-martin.fr\/index.php\/portfolio_page\/eurydice\/\"  target=\"_self\"> EURYDICE<\/a><\/h5>\n\n\n        \n            <span class=\"project_category\"  >\n    FLESH FOR FANTASY, MYTHOLOGIES    <\/span>\n\n    <\/div>\n        \n<\/article>\n        <div class='filler'><\/div>\n            <div class='filler'><\/div>\n            <div class='filler'><\/div>\n        <\/div>\n\n    \n    <\/div>\t\t\t\t<\/div>\n\t\t\t\t<\/div>\n\t\t\t\t\t<\/div>\n\t\t\t\t<\/div>\n\t\t\t\t<\/div>\n\t\t","protected":false},"excerpt":{"rendered":"<p>Le d\u00e9sir et le fantasme \u00e9voqu\u00e9s sous forme d&rsquo;ic\u00f4nes sacr\u00e9es o\u00f9 la chair se r\u00e9v\u00e8le ou se cache \u00e0 notre regard forc\u00e9ment \u00ab\u00a0voyeur\u00a0\u00bb. Les fond d&rsquo;or entre en comp\u00e9tition avec la brillance des mati\u00e8res peintes dans un jeu en trompe-l&rsquo;oeil qui nous parle d&rsquo;alt\u00e9rit\u00e9. JE&#8230;<\/p>\n","protected":false},"author":1,"featured_media":0,"parent":151,"menu_order":0,"comment_status":"closed","ping_status":"closed","template":"full_width.php","meta":{"footnotes":""},"class_list":["post-514","page","type-page","status-publish","hentry"],"yoast_head":"<!-- This site is optimized with the Yoast SEO plugin v25.7 - https:\/\/yoast.com\/wordpress\/plugins\/seo\/ -->\n<title>FLESH FOR FANTASY - St\u00e9phane MARTIN - Artiste Plasticien<\/title>\n<meta name=\"robots\" content=\"noindex, follow, max-snippet:-1, max-image-preview:large, max-video-preview:-1\" \/>\n<meta property=\"og:locale\" content=\"fr_FR\" \/>\n<meta property=\"og:type\" content=\"article\" \/>\n<meta property=\"og:title\" content=\"FLESH FOR FANTASY - St\u00e9phane MARTIN - Artiste Plasticien\" \/>\n<meta property=\"og:description\" content=\"Le d\u00e9sir et le fantasme \u00e9voqu\u00e9s sous forme d&rsquo;ic\u00f4nes sacr\u00e9es o\u00f9 la chair se r\u00e9v\u00e8le ou se cache \u00e0 notre regard forc\u00e9ment \u00ab\u00a0voyeur\u00a0\u00bb. Les fond d&rsquo;or entre en comp\u00e9tition avec la brillance des mati\u00e8res peintes dans un jeu en trompe-l&rsquo;oeil qui nous parle d&rsquo;alt\u00e9rit\u00e9. JE...\" \/>\n<meta property=\"og:url\" content=\"https:\/\/stephane-martin.fr\/index.php\/portfolio\/queens\/\" \/>\n<meta property=\"og:site_name\" content=\"St\u00e9phane MARTIN - Artiste Plasticien\" \/>\n<meta property=\"article:modified_time\" content=\"2025-08-17T17:49:58+00:00\" \/>\n<meta property=\"og:image\" content=\"https:\/\/stephane-martin.fr\/wp-content\/uploads\/2025\/06\/je-suis-uen-chimere-100x100-2-scaled.jpg\" \/>\n<meta name=\"twitter:card\" content=\"summary_large_image\" \/>\n<meta name=\"twitter:label1\" content=\"Dur\u00e9e de lecture estim\u00e9e\" \/>\n\t<meta name=\"twitter:data1\" content=\"2 minutes\" \/>\n<script type=\"application\/ld+json\" class=\"yoast-schema-graph\">{\"@context\":\"https:\/\/schema.org\",\"@graph\":[{\"@type\":\"WebPage\",\"@id\":\"https:\/\/stephane-martin.fr\/index.php\/portfolio\/queens\/\",\"url\":\"https:\/\/stephane-martin.fr\/index.php\/portfolio\/queens\/\",\"name\":\"FLESH FOR FANTASY - St\u00e9phane MARTIN - Artiste Plasticien\",\"isPartOf\":{\"@id\":\"https:\/\/stephane-martin.fr\/#website\"},\"primaryImageOfPage\":{\"@id\":\"https:\/\/stephane-martin.fr\/index.php\/portfolio\/queens\/#primaryimage\"},\"image\":{\"@id\":\"https:\/\/stephane-martin.fr\/index.php\/portfolio\/queens\/#primaryimage\"},\"thumbnailUrl\":\"https:\/\/stephane-martin.fr\/wp-content\/uploads\/2025\/06\/je-suis-uen-chimere-100x100-2-scaled.jpg\",\"datePublished\":\"2025-06-22T19:00:41+00:00\",\"dateModified\":\"2025-08-17T17:49:58+00:00\",\"breadcrumb\":{\"@id\":\"https:\/\/stephane-martin.fr\/index.php\/portfolio\/queens\/#breadcrumb\"},\"inLanguage\":\"fr-FR\",\"potentialAction\":[{\"@type\":\"ReadAction\",\"target\":[\"https:\/\/stephane-martin.fr\/index.php\/portfolio\/queens\/\"]}]},{\"@type\":\"ImageObject\",\"inLanguage\":\"fr-FR\",\"@id\":\"https:\/\/stephane-martin.fr\/index.php\/portfolio\/queens\/#primaryimage\",\"url\":\"https:\/\/stephane-martin.fr\/wp-content\/uploads\/2025\/06\/je-suis-uen-chimere-100x100-2-scaled.jpg\",\"contentUrl\":\"https:\/\/stephane-martin.fr\/wp-content\/uploads\/2025\/06\/je-suis-uen-chimere-100x100-2-scaled.jpg\",\"width\":2560,\"height\":2560,\"caption\":\"Oplus_131072\"},{\"@type\":\"BreadcrumbList\",\"@id\":\"https:\/\/stephane-martin.fr\/index.php\/portfolio\/queens\/#breadcrumb\",\"itemListElement\":[{\"@type\":\"ListItem\",\"position\":1,\"name\":\"Accueil\",\"item\":\"https:\/\/stephane-martin.fr\/\"},{\"@type\":\"ListItem\",\"position\":2,\"name\":\"Oeuvres\",\"item\":\"https:\/\/stephane-martin.fr\/index.php\/portfolio\/\"},{\"@type\":\"ListItem\",\"position\":3,\"name\":\"FLESH FOR FANTASY\"}]},{\"@type\":\"WebSite\",\"@id\":\"https:\/\/stephane-martin.fr\/#website\",\"url\":\"https:\/\/stephane-martin.fr\/\",\"name\":\"St\u00e9phane MARTIN - Artiste Plasticien\",\"description\":\"Peintre d&#039;Ic\u00f4nes Contemporaines\",\"publisher\":{\"@id\":\"https:\/\/stephane-martin.fr\/#\/schema\/person\/f4352cda1c7a9ea65fc2123cecb55af9\"},\"potentialAction\":[{\"@type\":\"SearchAction\",\"target\":{\"@type\":\"EntryPoint\",\"urlTemplate\":\"https:\/\/stephane-martin.fr\/?s={search_term_string}\"},\"query-input\":{\"@type\":\"PropertyValueSpecification\",\"valueRequired\":true,\"valueName\":\"search_term_string\"}}],\"inLanguage\":\"fr-FR\"},{\"@type\":[\"Person\",\"Organization\"],\"@id\":\"https:\/\/stephane-martin.fr\/#\/schema\/person\/f4352cda1c7a9ea65fc2123cecb55af9\",\"name\":\"St\u00e9phane MARTIN\",\"image\":{\"@type\":\"ImageObject\",\"inLanguage\":\"fr-FR\",\"@id\":\"https:\/\/stephane-martin.fr\/#\/schema\/person\/image\/\",\"url\":\"https:\/\/stephane-martin.fr\/wp-content\/uploads\/2025\/06\/favicon.png\",\"contentUrl\":\"https:\/\/stephane-martin.fr\/wp-content\/uploads\/2025\/06\/favicon.png\",\"width\":512,\"height\":512,\"caption\":\"St\u00e9phane MARTIN\"},\"logo\":{\"@id\":\"https:\/\/stephane-martin.fr\/#\/schema\/person\/image\/\"},\"sameAs\":[\"http:\/\/stephane-martin.fr\"]}]}<\/script>\n<!-- \/ Yoast SEO plugin. -->","yoast_head_json":{"title":"FLESH FOR FANTASY - St\u00e9phane MARTIN - Artiste Plasticien","robots":{"index":"noindex","follow":"follow","max-snippet":"max-snippet:-1","max-image-preview":"max-image-preview:large","max-video-preview":"max-video-preview:-1"},"og_locale":"fr_FR","og_type":"article","og_title":"FLESH FOR FANTASY - St\u00e9phane MARTIN - Artiste Plasticien","og_description":"Le d\u00e9sir et le fantasme \u00e9voqu\u00e9s sous forme d&rsquo;ic\u00f4nes sacr\u00e9es o\u00f9 la chair se r\u00e9v\u00e8le ou se cache \u00e0 notre regard forc\u00e9ment \u00ab\u00a0voyeur\u00a0\u00bb. Les fond d&rsquo;or entre en comp\u00e9tition avec la brillance des mati\u00e8res peintes dans un jeu en trompe-l&rsquo;oeil qui nous parle d&rsquo;alt\u00e9rit\u00e9. JE...","og_url":"https:\/\/stephane-martin.fr\/index.php\/portfolio\/queens\/","og_site_name":"St\u00e9phane MARTIN - Artiste Plasticien","article_modified_time":"2025-08-17T17:49:58+00:00","og_image":[{"url":"https:\/\/stephane-martin.fr\/wp-content\/uploads\/2025\/06\/je-suis-uen-chimere-100x100-2-scaled.jpg","type":"","width":"","height":""}],"twitter_card":"summary_large_image","twitter_misc":{"Dur\u00e9e de lecture estim\u00e9e":"2 minutes"},"schema":{"@context":"https:\/\/schema.org","@graph":[{"@type":"WebPage","@id":"https:\/\/stephane-martin.fr\/index.php\/portfolio\/queens\/","url":"https:\/\/stephane-martin.fr\/index.php\/portfolio\/queens\/","name":"FLESH FOR FANTASY - St\u00e9phane MARTIN - Artiste Plasticien","isPartOf":{"@id":"https:\/\/stephane-martin.fr\/#website"},"primaryImageOfPage":{"@id":"https:\/\/stephane-martin.fr\/index.php\/portfolio\/queens\/#primaryimage"},"image":{"@id":"https:\/\/stephane-martin.fr\/index.php\/portfolio\/queens\/#primaryimage"},"thumbnailUrl":"https:\/\/stephane-martin.fr\/wp-content\/uploads\/2025\/06\/je-suis-uen-chimere-100x100-2-scaled.jpg","datePublished":"2025-06-22T19:00:41+00:00","dateModified":"2025-08-17T17:49:58+00:00","breadcrumb":{"@id":"https:\/\/stephane-martin.fr\/index.php\/portfolio\/queens\/#breadcrumb"},"inLanguage":"fr-FR","potentialAction":[{"@type":"ReadAction","target":["https:\/\/stephane-martin.fr\/index.php\/portfolio\/queens\/"]}]},{"@type":"ImageObject","inLanguage":"fr-FR","@id":"https:\/\/stephane-martin.fr\/index.php\/portfolio\/queens\/#primaryimage","url":"https:\/\/stephane-martin.fr\/wp-content\/uploads\/2025\/06\/je-suis-uen-chimere-100x100-2-scaled.jpg","contentUrl":"https:\/\/stephane-martin.fr\/wp-content\/uploads\/2025\/06\/je-suis-uen-chimere-100x100-2-scaled.jpg","width":2560,"height":2560,"caption":"Oplus_131072"},{"@type":"BreadcrumbList","@id":"https:\/\/stephane-martin.fr\/index.php\/portfolio\/queens\/#breadcrumb","itemListElement":[{"@type":"ListItem","position":1,"name":"Accueil","item":"https:\/\/stephane-martin.fr\/"},{"@type":"ListItem","position":2,"name":"Oeuvres","item":"https:\/\/stephane-martin.fr\/index.php\/portfolio\/"},{"@type":"ListItem","position":3,"name":"FLESH FOR FANTASY"}]},{"@type":"WebSite","@id":"https:\/\/stephane-martin.fr\/#website","url":"https:\/\/stephane-martin.fr\/","name":"St\u00e9phane MARTIN - Artiste Plasticien","description":"Peintre d&#039;Ic\u00f4nes Contemporaines","publisher":{"@id":"https:\/\/stephane-martin.fr\/#\/schema\/person\/f4352cda1c7a9ea65fc2123cecb55af9"},"potentialAction":[{"@type":"SearchAction","target":{"@type":"EntryPoint","urlTemplate":"https:\/\/stephane-martin.fr\/?s={search_term_string}"},"query-input":{"@type":"PropertyValueSpecification","valueRequired":true,"valueName":"search_term_string"}}],"inLanguage":"fr-FR"},{"@type":["Person","Organization"],"@id":"https:\/\/stephane-martin.fr\/#\/schema\/person\/f4352cda1c7a9ea65fc2123cecb55af9","name":"St\u00e9phane MARTIN","image":{"@type":"ImageObject","inLanguage":"fr-FR","@id":"https:\/\/stephane-martin.fr\/#\/schema\/person\/image\/","url":"https:\/\/stephane-martin.fr\/wp-content\/uploads\/2025\/06\/favicon.png","contentUrl":"https:\/\/stephane-martin.fr\/wp-content\/uploads\/2025\/06\/favicon.png","width":512,"height":512,"caption":"St\u00e9phane MARTIN"},"logo":{"@id":"https:\/\/stephane-martin.fr\/#\/schema\/person\/image\/"},"sameAs":["http:\/\/stephane-martin.fr"]}]}},"_links":{"self":[{"href":"https:\/\/stephane-martin.fr\/index.php\/wp-json\/wp\/v2\/pages\/514","targetHints":{"allow":["GET"]}}],"collection":[{"href":"https:\/\/stephane-martin.fr\/index.php\/wp-json\/wp\/v2\/pages"}],"about":[{"href":"https:\/\/stephane-martin.fr\/index.php\/wp-json\/wp\/v2\/types\/page"}],"author":[{"embeddable":true,"href":"https:\/\/stephane-martin.fr\/index.php\/wp-json\/wp\/v2\/users\/1"}],"replies":[{"embeddable":true,"href":"https:\/\/stephane-martin.fr\/index.php\/wp-json\/wp\/v2\/comments?post=514"}],"version-history":[{"count":32,"href":"https:\/\/stephane-martin.fr\/index.php\/wp-json\/wp\/v2\/pages\/514\/revisions"}],"predecessor-version":[{"id":1396,"href":"https:\/\/stephane-martin.fr\/index.php\/wp-json\/wp\/v2\/pages\/514\/revisions\/1396"}],"up":[{"embeddable":true,"href":"https:\/\/stephane-martin.fr\/index.php\/wp-json\/wp\/v2\/pages\/151"}],"wp:attachment":[{"href":"https:\/\/stephane-martin.fr\/index.php\/wp-json\/wp\/v2\/media?parent=514"}],"curies":[{"name":"wp","href":"https:\/\/api.w.org\/{rel}","templated":true}]}}