{"id":499,"date":"2025-06-22T20:52:43","date_gmt":"2025-06-22T18:52:43","guid":{"rendered":"https:\/\/stephane-martin.fr\/?page_id=499"},"modified":"2025-08-17T19:57:48","modified_gmt":"2025-08-17T17:57:48","slug":"carnera","status":"publish","type":"page","link":"https:\/\/stephane-martin.fr\/index.php\/portfolio\/carnera\/","title":{"rendered":"Primo Carnera"},"content":{"rendered":"\t\t<div data-elementor-type=\"wp-page\" data-elementor-id=\"499\" class=\"elementor elementor-499\">\n\t\t\t\t<div class=\"elementor-element elementor-element-6b6467db e-flex e-con-boxed parallax_section_no qode_elementor_container_no e-con e-parent\" data-id=\"6b6467db\" data-element_type=\"container\">\n\t\t\t\t\t<div class=\"e-con-inner\">\n\t\t\t\t<div class=\"elementor-element elementor-element-29dbd0a elementor-widget__width-initial elementor-widget elementor-widget-text-editor\" data-id=\"29dbd0a\" data-element_type=\"widget\" data-widget_type=\"text-editor.default\">\n\t\t\t\t<div class=\"elementor-widget-container\">\n\t\t\t\t\t\t\t\t\t<p style=\"text-align: center;\">A travers la figure embl\u00e9matique de ce boxeur italien champion du Monde dans les ann\u00e9es 30 c&rsquo;est l&rsquo;histoire de mon Italie intime, de mes racines que je dessine. Dans un entrelacs de chair et de clair-obscur, Carnera devient alors Orph\u00e9e ou Atlas, d\u00e9licat et gracieux dans un contrepoint ultime.<\/p>\t\t\t\t\t\t\t\t<\/div>\n\t\t\t\t<\/div>\n\t\t\t\t\t<\/div>\n\t\t\t\t<\/div>\n\t\t<div class=\"elementor-element elementor-element-6ae49cbc e-flex e-con-boxed parallax_section_no qode_elementor_container_no e-con e-parent\" data-id=\"6ae49cbc\" data-element_type=\"container\">\n\t\t\t\t\t<div class=\"e-con-inner\">\n\t\t\t\t<div class=\"elementor-element elementor-element-c88e7cb elementor-widget elementor-widget-bridge_portfolio_list\" data-id=\"c88e7cb\" data-element_type=\"widget\" data-widget_type=\"bridge_portfolio_list.default\">\n\t\t\t\t<div class=\"elementor-widget-container\">\n\t\t\t\t\t<div class='projects_holder_outer v3 portfolio_with_space portfolio_standard'>\n        <div class='projects_holder portfolio_main_holder clearfix v3 standard portfolio_full_image portfolio_one_by_one'>\n        \n        <article class='mix portfolio_category_36 default' style=''>\n    \n    \n    \n                <div class='image_holder'>\n                <a itemprop='url' class='portfolio_link_for_touch' href='https:\/\/stephane-martin.fr\/index.php\/portfolio_page\/horizon-des-evenements\/' target='_self'>\n                    \n<span class='image'><img fetchpriority=\"high\" decoding=\"async\" width=\"1319\" height=\"1319\" src=\"https:\/\/stephane-martin.fr\/wp-content\/uploads\/2025\/07\/horizon-des-evenements-100x100-1.jpg\" class=\"attachment-full size-full wp-post-image\" alt=\"\" srcset=\"https:\/\/stephane-martin.fr\/wp-content\/uploads\/2025\/07\/horizon-des-evenements-100x100-1.jpg 1319w, https:\/\/stephane-martin.fr\/wp-content\/uploads\/2025\/07\/horizon-des-evenements-100x100-1-300x300.jpg 300w, https:\/\/stephane-martin.fr\/wp-content\/uploads\/2025\/07\/horizon-des-evenements-100x100-1-1024x1024.jpg 1024w, https:\/\/stephane-martin.fr\/wp-content\/uploads\/2025\/07\/horizon-des-evenements-100x100-1-150x150.jpg 150w, https:\/\/stephane-martin.fr\/wp-content\/uploads\/2025\/07\/horizon-des-evenements-100x100-1-768x768.jpg 768w, https:\/\/stephane-martin.fr\/wp-content\/uploads\/2025\/07\/horizon-des-evenements-100x100-1-570x570.jpg 570w, https:\/\/stephane-martin.fr\/wp-content\/uploads\/2025\/07\/horizon-des-evenements-100x100-1-500x500.jpg 500w, https:\/\/stephane-martin.fr\/wp-content\/uploads\/2025\/07\/horizon-des-evenements-100x100-1-1000x1000.jpg 1000w, https:\/\/stephane-martin.fr\/wp-content\/uploads\/2025\/07\/horizon-des-evenements-100x100-1-700x700.jpg 700w, https:\/\/stephane-martin.fr\/wp-content\/uploads\/2025\/07\/horizon-des-evenements-100x100-1-650x650.jpg 650w, https:\/\/stephane-martin.fr\/wp-content\/uploads\/2025\/07\/horizon-des-evenements-100x100-1-1300x1300.jpg 1300w\" sizes=\"(max-width: 1319px) 100vw, 1319px\" \/><\/span>                <\/a>\n\n                <span class='text_holder'>\n    <span class='text_outer'>\n        <span class='text_inner'>\n            <span class='feature_holder'>\n                        <\/span>\n        <\/span>\n    <\/span>\n<\/span>            <\/div>\n                <div class='portfolio_description ' >\n\n        \n    <h5 itemprop=\"name\" class=\"portfolio_title entry_title\"><a itemprop=\"url\" href=\"https:\/\/stephane-martin.fr\/index.php\/portfolio_page\/horizon-des-evenements\/\"  target=\"_self\"> L&rsquo;HORIZON DES \u00c9V\u00c8NEMENTS<\/a><\/h5>\n\n\n        \n            <span class=\"project_category\"  >\n    Primo Carnera    <\/span>\n\n    <\/div>\n        \n<\/article>\n<article class='mix portfolio_category_41 portfolio_category_36 default' style=''>\n    \n    \n    \n                <div class='image_holder'>\n                <a itemprop='url' class='portfolio_link_for_touch' href='https:\/\/stephane-martin.fr\/index.php\/portfolio_page\/orphee\/' target='_self'>\n                    \n<span class='image'><img decoding=\"async\" width=\"1960\" height=\"1960\" src=\"https:\/\/stephane-martin.fr\/wp-content\/uploads\/2019\/11\/orphee-100x100-1.jpg\" class=\"attachment-full size-full wp-post-image\" alt=\"\" srcset=\"https:\/\/stephane-martin.fr\/wp-content\/uploads\/2019\/11\/orphee-100x100-1.jpg 1960w, https:\/\/stephane-martin.fr\/wp-content\/uploads\/2019\/11\/orphee-100x100-1-300x300.jpg 300w, https:\/\/stephane-martin.fr\/wp-content\/uploads\/2019\/11\/orphee-100x100-1-100x100.jpg 100w, https:\/\/stephane-martin.fr\/wp-content\/uploads\/2019\/11\/orphee-100x100-1-600x600.jpg 600w, https:\/\/stephane-martin.fr\/wp-content\/uploads\/2019\/11\/orphee-100x100-1-1024x1024.jpg 1024w, https:\/\/stephane-martin.fr\/wp-content\/uploads\/2019\/11\/orphee-100x100-1-150x150.jpg 150w, https:\/\/stephane-martin.fr\/wp-content\/uploads\/2019\/11\/orphee-100x100-1-768x768.jpg 768w, https:\/\/stephane-martin.fr\/wp-content\/uploads\/2019\/11\/orphee-100x100-1-1536x1536.jpg 1536w, https:\/\/stephane-martin.fr\/wp-content\/uploads\/2019\/11\/orphee-100x100-1-570x570.jpg 570w, https:\/\/stephane-martin.fr\/wp-content\/uploads\/2019\/11\/orphee-100x100-1-500x500.jpg 500w, https:\/\/stephane-martin.fr\/wp-content\/uploads\/2019\/11\/orphee-100x100-1-1000x1000.jpg 1000w, https:\/\/stephane-martin.fr\/wp-content\/uploads\/2019\/11\/orphee-100x100-1-700x700.jpg 700w, https:\/\/stephane-martin.fr\/wp-content\/uploads\/2019\/11\/orphee-100x100-1-650x650.jpg 650w, https:\/\/stephane-martin.fr\/wp-content\/uploads\/2019\/11\/orphee-100x100-1-1300x1300.jpg 1300w\" sizes=\"(max-width: 1960px) 100vw, 1960px\" \/><\/span>                <\/a>\n\n                <span class='text_holder'>\n    <span class='text_outer'>\n        <span class='text_inner'>\n            <span class='feature_holder'>\n                        <\/span>\n        <\/span>\n    <\/span>\n<\/span>            <\/div>\n                <div class='portfolio_description ' >\n\n        \n    <h5 itemprop=\"name\" class=\"portfolio_title entry_title\"><a itemprop=\"url\" href=\"https:\/\/stephane-martin.fr\/index.php\/portfolio_page\/orphee\/\"  target=\"_self\"> ORPH\u00c9E<\/a><\/h5>\n\n\n        \n            <span class=\"project_category\"  >\n    MYTHOLOGIES, Primo Carnera    <\/span>\n\n    <\/div>\n        \n<\/article>\n<article class='mix portfolio_category_41 portfolio_category_36 default' style=''>\n    \n    \n    \n                <div class='image_holder'>\n                <a itemprop='url' class='portfolio_link_for_touch' href='https:\/\/stephane-martin.fr\/index.php\/portfolio_page\/atlas\/' target='_self'>\n                    \n<span class='image'><img decoding=\"async\" width=\"960\" height=\"960\" src=\"https:\/\/stephane-martin.fr\/wp-content\/uploads\/2019\/11\/atlas-50x50-1.jpg\" class=\"attachment-full size-full wp-post-image\" alt=\"\" srcset=\"https:\/\/stephane-martin.fr\/wp-content\/uploads\/2019\/11\/atlas-50x50-1.jpg 960w, https:\/\/stephane-martin.fr\/wp-content\/uploads\/2019\/11\/atlas-50x50-1-300x300.jpg 300w, https:\/\/stephane-martin.fr\/wp-content\/uploads\/2019\/11\/atlas-50x50-1-100x100.jpg 100w, https:\/\/stephane-martin.fr\/wp-content\/uploads\/2019\/11\/atlas-50x50-1-600x600.jpg 600w, https:\/\/stephane-martin.fr\/wp-content\/uploads\/2019\/11\/atlas-50x50-1-150x150.jpg 150w, https:\/\/stephane-martin.fr\/wp-content\/uploads\/2019\/11\/atlas-50x50-1-768x768.jpg 768w, https:\/\/stephane-martin.fr\/wp-content\/uploads\/2019\/11\/atlas-50x50-1-570x570.jpg 570w, https:\/\/stephane-martin.fr\/wp-content\/uploads\/2019\/11\/atlas-50x50-1-500x500.jpg 500w, https:\/\/stephane-martin.fr\/wp-content\/uploads\/2019\/11\/atlas-50x50-1-700x700.jpg 700w, https:\/\/stephane-martin.fr\/wp-content\/uploads\/2019\/11\/atlas-50x50-1-650x650.jpg 650w\" sizes=\"(max-width: 960px) 100vw, 960px\" \/><\/span>                <\/a>\n\n                <span class='text_holder'>\n    <span class='text_outer'>\n        <span class='text_inner'>\n            <span class='feature_holder'>\n                        <\/span>\n        <\/span>\n    <\/span>\n<\/span>            <\/div>\n                <div class='portfolio_description ' >\n\n        \n    <h5 itemprop=\"name\" class=\"portfolio_title entry_title\"><a itemprop=\"url\" href=\"https:\/\/stephane-martin.fr\/index.php\/portfolio_page\/atlas\/\"  target=\"_self\"> ATLAS<\/a><\/h5>\n\n\n        \n            <span class=\"project_category\"  >\n    MYTHOLOGIES, Primo Carnera    <\/span>\n\n    <\/div>\n        \n<\/article>\n<article class='mix portfolio_category_36 default' style=''>\n    \n    \n    \n                <div class='image_holder'>\n                <a itemprop='url' class='portfolio_link_for_touch' href='https:\/\/stephane-martin.fr\/index.php\/portfolio_page\/rude-boy\/' target='_self'>\n                    \n<span class='image'><img loading=\"lazy\" decoding=\"async\" width=\"1439\" height=\"2560\" src=\"https:\/\/stephane-martin.fr\/wp-content\/uploads\/2019\/11\/rude-boy-scaled.jpg\" class=\"attachment-full size-full wp-post-image\" alt=\"\" srcset=\"https:\/\/stephane-martin.fr\/wp-content\/uploads\/2019\/11\/rude-boy-scaled.jpg 1439w, https:\/\/stephane-martin.fr\/wp-content\/uploads\/2019\/11\/rude-boy-scaled-600x1067.jpg 600w, https:\/\/stephane-martin.fr\/wp-content\/uploads\/2019\/11\/rude-boy-169x300.jpg 169w, https:\/\/stephane-martin.fr\/wp-content\/uploads\/2019\/11\/rude-boy-576x1024.jpg 576w, https:\/\/stephane-martin.fr\/wp-content\/uploads\/2019\/11\/rude-boy-768x1366.jpg 768w, https:\/\/stephane-martin.fr\/wp-content\/uploads\/2019\/11\/rude-boy-863x1536.jpg 863w, https:\/\/stephane-martin.fr\/wp-content\/uploads\/2019\/11\/rude-boy-1151x2048.jpg 1151w, https:\/\/stephane-martin.fr\/wp-content\/uploads\/2019\/11\/rude-boy-700x1245.jpg 700w\" sizes=\"(max-width: 1439px) 100vw, 1439px\" \/><\/span>                <\/a>\n\n                <span class='text_holder'>\n    <span class='text_outer'>\n        <span class='text_inner'>\n            <span class='feature_holder'>\n                        <\/span>\n        <\/span>\n    <\/span>\n<\/span>            <\/div>\n                <div class='portfolio_description ' >\n\n        \n    <h5 itemprop=\"name\" class=\"portfolio_title entry_title\"><a itemprop=\"url\" href=\"https:\/\/stephane-martin.fr\/index.php\/portfolio_page\/rude-boy\/\"  target=\"_self\"> RUDE BOY<\/a><\/h5>\n\n\n        \n            <span class=\"project_category\"  >\n    Primo Carnera    <\/span>\n\n    <\/div>\n        \n<\/article>\n<article class='mix portfolio_category_36 default' style=''>\n    \n    \n    \n                <div class='image_holder'>\n                <a itemprop='url' class='portfolio_link_for_touch' href='https:\/\/stephane-martin.fr\/index.php\/portfolio_page\/primo\/' target='_self'>\n                    \n<span class='image'><img loading=\"lazy\" decoding=\"async\" width=\"1440\" height=\"1440\" src=\"https:\/\/stephane-martin.fr\/wp-content\/uploads\/2019\/11\/primo29x29.jpg\" class=\"attachment-full size-full wp-post-image\" alt=\"\" srcset=\"https:\/\/stephane-martin.fr\/wp-content\/uploads\/2019\/11\/primo29x29.jpg 1440w, https:\/\/stephane-martin.fr\/wp-content\/uploads\/2019\/11\/primo29x29-300x300.jpg 300w, https:\/\/stephane-martin.fr\/wp-content\/uploads\/2019\/11\/primo29x29-100x100.jpg 100w, https:\/\/stephane-martin.fr\/wp-content\/uploads\/2019\/11\/primo29x29-600x600.jpg 600w, https:\/\/stephane-martin.fr\/wp-content\/uploads\/2019\/11\/primo29x29-1024x1024.jpg 1024w, https:\/\/stephane-martin.fr\/wp-content\/uploads\/2019\/11\/primo29x29-150x150.jpg 150w, https:\/\/stephane-martin.fr\/wp-content\/uploads\/2019\/11\/primo29x29-768x768.jpg 768w, https:\/\/stephane-martin.fr\/wp-content\/uploads\/2019\/11\/primo29x29-570x570.jpg 570w, https:\/\/stephane-martin.fr\/wp-content\/uploads\/2019\/11\/primo29x29-500x500.jpg 500w, https:\/\/stephane-martin.fr\/wp-content\/uploads\/2019\/11\/primo29x29-1000x1000.jpg 1000w, https:\/\/stephane-martin.fr\/wp-content\/uploads\/2019\/11\/primo29x29-700x700.jpg 700w, https:\/\/stephane-martin.fr\/wp-content\/uploads\/2019\/11\/primo29x29-650x650.jpg 650w, https:\/\/stephane-martin.fr\/wp-content\/uploads\/2019\/11\/primo29x29-1300x1300.jpg 1300w\" sizes=\"(max-width: 1440px) 100vw, 1440px\" \/><\/span>                <\/a>\n\n                <span class='text_holder'>\n    <span class='text_outer'>\n        <span class='text_inner'>\n            <span class='feature_holder'>\n                        <\/span>\n        <\/span>\n    <\/span>\n<\/span>            <\/div>\n                <div class='portfolio_description ' >\n\n        \n    <h5 itemprop=\"name\" class=\"portfolio_title entry_title\"><a itemprop=\"url\" href=\"https:\/\/stephane-martin.fr\/index.php\/portfolio_page\/primo\/\"  target=\"_self\"> PRIMO<\/a><\/h5>\n\n\n        \n            <span class=\"project_category\"  >\n    Primo Carnera    <\/span>\n\n    <\/div>\n        \n<\/article>\n        <div class='filler'><\/div>\n            <div class='filler'><\/div>\n            <div class='filler'><\/div>\n        <\/div>\n\n    \n    <\/div>\t\t\t\t<\/div>\n\t\t\t\t<\/div>\n\t\t\t\t\t<\/div>\n\t\t\t\t<\/div>\n\t\t\t\t<\/div>\n\t\t","protected":false},"excerpt":{"rendered":"<p>A travers la figure embl\u00e9matique de ce boxeur italien champion du Monde dans les ann\u00e9es 30 c&rsquo;est l&rsquo;histoire de mon Italie intime, de mes racines que je dessine. Dans un entrelacs de chair et de clair-obscur, Carnera devient alors Orph\u00e9e ou Atlas, d\u00e9licat et gracieux&#8230;<\/p>\n","protected":false},"author":1,"featured_media":0,"parent":151,"menu_order":0,"comment_status":"closed","ping_status":"closed","template":"full_width.php","meta":{"footnotes":""},"class_list":["post-499","page","type-page","status-publish","hentry"],"yoast_head":"<!-- This site is optimized with the Yoast SEO plugin v25.7 - https:\/\/yoast.com\/wordpress\/plugins\/seo\/ -->\n<title>Primo Carnera - St\u00e9phane MARTIN - Artiste Plasticien<\/title>\n<meta name=\"robots\" content=\"noindex, follow, max-snippet:-1, max-image-preview:large, max-video-preview:-1\" \/>\n<meta property=\"og:locale\" content=\"fr_FR\" \/>\n<meta property=\"og:type\" content=\"article\" \/>\n<meta property=\"og:title\" content=\"Primo Carnera - St\u00e9phane MARTIN - Artiste Plasticien\" \/>\n<meta property=\"og:description\" content=\"A travers la figure embl\u00e9matique de ce boxeur italien champion du Monde dans les ann\u00e9es 30 c&rsquo;est l&rsquo;histoire de mon Italie intime, de mes racines que je dessine. Dans un entrelacs de chair et de clair-obscur, Carnera devient alors Orph\u00e9e ou Atlas, d\u00e9licat et gracieux...\" \/>\n<meta property=\"og:url\" content=\"https:\/\/stephane-martin.fr\/index.php\/portfolio\/carnera\/\" \/>\n<meta property=\"og:site_name\" content=\"St\u00e9phane MARTIN - Artiste Plasticien\" \/>\n<meta property=\"article:modified_time\" content=\"2025-08-17T17:57:48+00:00\" \/>\n<meta property=\"og:image\" content=\"https:\/\/stephane-martin.fr\/wp-content\/uploads\/2025\/07\/horizon-des-evenements-100x100-1.jpg\" \/>\n<meta name=\"twitter:card\" content=\"summary_large_image\" \/>\n<meta name=\"twitter:label1\" content=\"Dur\u00e9e de lecture estim\u00e9e\" \/>\n\t<meta name=\"twitter:data1\" content=\"2 minutes\" \/>\n<script type=\"application\/ld+json\" class=\"yoast-schema-graph\">{\"@context\":\"https:\/\/schema.org\",\"@graph\":[{\"@type\":\"WebPage\",\"@id\":\"https:\/\/stephane-martin.fr\/index.php\/portfolio\/carnera\/\",\"url\":\"https:\/\/stephane-martin.fr\/index.php\/portfolio\/carnera\/\",\"name\":\"Primo Carnera - St\u00e9phane MARTIN - Artiste Plasticien\",\"isPartOf\":{\"@id\":\"https:\/\/stephane-martin.fr\/#website\"},\"primaryImageOfPage\":{\"@id\":\"https:\/\/stephane-martin.fr\/index.php\/portfolio\/carnera\/#primaryimage\"},\"image\":{\"@id\":\"https:\/\/stephane-martin.fr\/index.php\/portfolio\/carnera\/#primaryimage\"},\"thumbnailUrl\":\"https:\/\/stephane-martin.fr\/wp-content\/uploads\/2025\/07\/horizon-des-evenements-100x100-1.jpg\",\"datePublished\":\"2025-06-22T18:52:43+00:00\",\"dateModified\":\"2025-08-17T17:57:48+00:00\",\"breadcrumb\":{\"@id\":\"https:\/\/stephane-martin.fr\/index.php\/portfolio\/carnera\/#breadcrumb\"},\"inLanguage\":\"fr-FR\",\"potentialAction\":[{\"@type\":\"ReadAction\",\"target\":[\"https:\/\/stephane-martin.fr\/index.php\/portfolio\/carnera\/\"]}]},{\"@type\":\"ImageObject\",\"inLanguage\":\"fr-FR\",\"@id\":\"https:\/\/stephane-martin.fr\/index.php\/portfolio\/carnera\/#primaryimage\",\"url\":\"https:\/\/stephane-martin.fr\/wp-content\/uploads\/2025\/07\/horizon-des-evenements-100x100-1.jpg\",\"contentUrl\":\"https:\/\/stephane-martin.fr\/wp-content\/uploads\/2025\/07\/horizon-des-evenements-100x100-1.jpg\",\"width\":1319,\"height\":1319},{\"@type\":\"BreadcrumbList\",\"@id\":\"https:\/\/stephane-martin.fr\/index.php\/portfolio\/carnera\/#breadcrumb\",\"itemListElement\":[{\"@type\":\"ListItem\",\"position\":1,\"name\":\"Accueil\",\"item\":\"https:\/\/stephane-martin.fr\/\"},{\"@type\":\"ListItem\",\"position\":2,\"name\":\"Oeuvres\",\"item\":\"https:\/\/stephane-martin.fr\/index.php\/portfolio\/\"},{\"@type\":\"ListItem\",\"position\":3,\"name\":\"Primo Carnera\"}]},{\"@type\":\"WebSite\",\"@id\":\"https:\/\/stephane-martin.fr\/#website\",\"url\":\"https:\/\/stephane-martin.fr\/\",\"name\":\"St\u00e9phane MARTIN - Artiste Plasticien\",\"description\":\"Peintre d&#039;Ic\u00f4nes Contemporaines\",\"publisher\":{\"@id\":\"https:\/\/stephane-martin.fr\/#\/schema\/person\/f4352cda1c7a9ea65fc2123cecb55af9\"},\"potentialAction\":[{\"@type\":\"SearchAction\",\"target\":{\"@type\":\"EntryPoint\",\"urlTemplate\":\"https:\/\/stephane-martin.fr\/?s={search_term_string}\"},\"query-input\":{\"@type\":\"PropertyValueSpecification\",\"valueRequired\":true,\"valueName\":\"search_term_string\"}}],\"inLanguage\":\"fr-FR\"},{\"@type\":[\"Person\",\"Organization\"],\"@id\":\"https:\/\/stephane-martin.fr\/#\/schema\/person\/f4352cda1c7a9ea65fc2123cecb55af9\",\"name\":\"St\u00e9phane MARTIN\",\"image\":{\"@type\":\"ImageObject\",\"inLanguage\":\"fr-FR\",\"@id\":\"https:\/\/stephane-martin.fr\/#\/schema\/person\/image\/\",\"url\":\"https:\/\/stephane-martin.fr\/wp-content\/uploads\/2025\/06\/favicon.png\",\"contentUrl\":\"https:\/\/stephane-martin.fr\/wp-content\/uploads\/2025\/06\/favicon.png\",\"width\":512,\"height\":512,\"caption\":\"St\u00e9phane MARTIN\"},\"logo\":{\"@id\":\"https:\/\/stephane-martin.fr\/#\/schema\/person\/image\/\"},\"sameAs\":[\"http:\/\/stephane-martin.fr\"]}]}<\/script>\n<!-- \/ Yoast SEO plugin. -->","yoast_head_json":{"title":"Primo Carnera - St\u00e9phane MARTIN - Artiste Plasticien","robots":{"index":"noindex","follow":"follow","max-snippet":"max-snippet:-1","max-image-preview":"max-image-preview:large","max-video-preview":"max-video-preview:-1"},"og_locale":"fr_FR","og_type":"article","og_title":"Primo Carnera - St\u00e9phane MARTIN - Artiste Plasticien","og_description":"A travers la figure embl\u00e9matique de ce boxeur italien champion du Monde dans les ann\u00e9es 30 c&rsquo;est l&rsquo;histoire de mon Italie intime, de mes racines que je dessine. Dans un entrelacs de chair et de clair-obscur, Carnera devient alors Orph\u00e9e ou Atlas, d\u00e9licat et gracieux...","og_url":"https:\/\/stephane-martin.fr\/index.php\/portfolio\/carnera\/","og_site_name":"St\u00e9phane MARTIN - Artiste Plasticien","article_modified_time":"2025-08-17T17:57:48+00:00","og_image":[{"url":"https:\/\/stephane-martin.fr\/wp-content\/uploads\/2025\/07\/horizon-des-evenements-100x100-1.jpg","type":"","width":"","height":""}],"twitter_card":"summary_large_image","twitter_misc":{"Dur\u00e9e de lecture estim\u00e9e":"2 minutes"},"schema":{"@context":"https:\/\/schema.org","@graph":[{"@type":"WebPage","@id":"https:\/\/stephane-martin.fr\/index.php\/portfolio\/carnera\/","url":"https:\/\/stephane-martin.fr\/index.php\/portfolio\/carnera\/","name":"Primo Carnera - St\u00e9phane MARTIN - Artiste Plasticien","isPartOf":{"@id":"https:\/\/stephane-martin.fr\/#website"},"primaryImageOfPage":{"@id":"https:\/\/stephane-martin.fr\/index.php\/portfolio\/carnera\/#primaryimage"},"image":{"@id":"https:\/\/stephane-martin.fr\/index.php\/portfolio\/carnera\/#primaryimage"},"thumbnailUrl":"https:\/\/stephane-martin.fr\/wp-content\/uploads\/2025\/07\/horizon-des-evenements-100x100-1.jpg","datePublished":"2025-06-22T18:52:43+00:00","dateModified":"2025-08-17T17:57:48+00:00","breadcrumb":{"@id":"https:\/\/stephane-martin.fr\/index.php\/portfolio\/carnera\/#breadcrumb"},"inLanguage":"fr-FR","potentialAction":[{"@type":"ReadAction","target":["https:\/\/stephane-martin.fr\/index.php\/portfolio\/carnera\/"]}]},{"@type":"ImageObject","inLanguage":"fr-FR","@id":"https:\/\/stephane-martin.fr\/index.php\/portfolio\/carnera\/#primaryimage","url":"https:\/\/stephane-martin.fr\/wp-content\/uploads\/2025\/07\/horizon-des-evenements-100x100-1.jpg","contentUrl":"https:\/\/stephane-martin.fr\/wp-content\/uploads\/2025\/07\/horizon-des-evenements-100x100-1.jpg","width":1319,"height":1319},{"@type":"BreadcrumbList","@id":"https:\/\/stephane-martin.fr\/index.php\/portfolio\/carnera\/#breadcrumb","itemListElement":[{"@type":"ListItem","position":1,"name":"Accueil","item":"https:\/\/stephane-martin.fr\/"},{"@type":"ListItem","position":2,"name":"Oeuvres","item":"https:\/\/stephane-martin.fr\/index.php\/portfolio\/"},{"@type":"ListItem","position":3,"name":"Primo Carnera"}]},{"@type":"WebSite","@id":"https:\/\/stephane-martin.fr\/#website","url":"https:\/\/stephane-martin.fr\/","name":"St\u00e9phane MARTIN - Artiste Plasticien","description":"Peintre d&#039;Ic\u00f4nes Contemporaines","publisher":{"@id":"https:\/\/stephane-martin.fr\/#\/schema\/person\/f4352cda1c7a9ea65fc2123cecb55af9"},"potentialAction":[{"@type":"SearchAction","target":{"@type":"EntryPoint","urlTemplate":"https:\/\/stephane-martin.fr\/?s={search_term_string}"},"query-input":{"@type":"PropertyValueSpecification","valueRequired":true,"valueName":"search_term_string"}}],"inLanguage":"fr-FR"},{"@type":["Person","Organization"],"@id":"https:\/\/stephane-martin.fr\/#\/schema\/person\/f4352cda1c7a9ea65fc2123cecb55af9","name":"St\u00e9phane MARTIN","image":{"@type":"ImageObject","inLanguage":"fr-FR","@id":"https:\/\/stephane-martin.fr\/#\/schema\/person\/image\/","url":"https:\/\/stephane-martin.fr\/wp-content\/uploads\/2025\/06\/favicon.png","contentUrl":"https:\/\/stephane-martin.fr\/wp-content\/uploads\/2025\/06\/favicon.png","width":512,"height":512,"caption":"St\u00e9phane MARTIN"},"logo":{"@id":"https:\/\/stephane-martin.fr\/#\/schema\/person\/image\/"},"sameAs":["http:\/\/stephane-martin.fr"]}]}},"_links":{"self":[{"href":"https:\/\/stephane-martin.fr\/index.php\/wp-json\/wp\/v2\/pages\/499","targetHints":{"allow":["GET"]}}],"collection":[{"href":"https:\/\/stephane-martin.fr\/index.php\/wp-json\/wp\/v2\/pages"}],"about":[{"href":"https:\/\/stephane-martin.fr\/index.php\/wp-json\/wp\/v2\/types\/page"}],"author":[{"embeddable":true,"href":"https:\/\/stephane-martin.fr\/index.php\/wp-json\/wp\/v2\/users\/1"}],"replies":[{"embeddable":true,"href":"https:\/\/stephane-martin.fr\/index.php\/wp-json\/wp\/v2\/comments?post=499"}],"version-history":[{"count":12,"href":"https:\/\/stephane-martin.fr\/index.php\/wp-json\/wp\/v2\/pages\/499\/revisions"}],"predecessor-version":[{"id":1412,"href":"https:\/\/stephane-martin.fr\/index.php\/wp-json\/wp\/v2\/pages\/499\/revisions\/1412"}],"up":[{"embeddable":true,"href":"https:\/\/stephane-martin.fr\/index.php\/wp-json\/wp\/v2\/pages\/151"}],"wp:attachment":[{"href":"https:\/\/stephane-martin.fr\/index.php\/wp-json\/wp\/v2\/media?parent=499"}],"curies":[{"name":"wp","href":"https:\/\/api.w.org\/{rel}","templated":true}]}}