{"id":210,"date":"2019-11-26T09:08:26","date_gmt":"2019-11-26T09:08:26","guid":{"rendered":"https:\/\/bridge288.qodeinteractive.com\/?page_id=210"},"modified":"2025-09-12T11:04:00","modified_gmt":"2025-09-12T09:04:00","slug":"presentation","status":"publish","type":"page","link":"https:\/\/stephane-martin.fr\/index.php\/presentation\/","title":{"rendered":"St\u00e9phane Martin"},"content":{"rendered":"\t\t<div data-elementor-type=\"wp-page\" data-elementor-id=\"210\" class=\"elementor elementor-210\">\n\t\t\t\t<div class=\"elementor-element elementor-element-f6cebf1 e-flex e-con-boxed parallax_section_no qode_elementor_container_no e-con e-parent\" data-id=\"f6cebf1\" data-element_type=\"container\">\n\t\t\t\t\t<div class=\"e-con-inner\">\n\t\t<div class=\"elementor-element elementor-element-11c77f4 e-con-full e-flex parallax_section_no qode_elementor_container_no e-con e-child\" data-id=\"11c77f4\" data-element_type=\"container\">\n\t\t\t\t<div class=\"elementor-element elementor-element-c23af9e elementor-widget elementor-widget-image\" data-id=\"c23af9e\" data-element_type=\"widget\" data-widget_type=\"image.default\">\n\t\t\t\t<div class=\"elementor-widget-container\">\n\t\t\t\t\t\t\t\t\t\t\t\t\t\t\t<img fetchpriority=\"high\" decoding=\"async\" width=\"784\" height=\"1024\" src=\"https:\/\/stephane-martin.fr\/wp-content\/uploads\/2025\/07\/entete2-sm-784x1024.jpg\" class=\"attachment-large size-large wp-image-1369\" alt=\"\" srcset=\"https:\/\/stephane-martin.fr\/wp-content\/uploads\/2025\/07\/entete2-sm-784x1024.jpg 784w, https:\/\/stephane-martin.fr\/wp-content\/uploads\/2025\/07\/entete2-sm-230x300.jpg 230w, https:\/\/stephane-martin.fr\/wp-content\/uploads\/2025\/07\/entete2-sm-768x1003.jpg 768w, https:\/\/stephane-martin.fr\/wp-content\/uploads\/2025\/07\/entete2-sm-1176x1536.jpg 1176w, https:\/\/stephane-martin.fr\/wp-content\/uploads\/2025\/07\/entete2-sm-1568x2048.jpg 1568w, https:\/\/stephane-martin.fr\/wp-content\/uploads\/2025\/07\/entete2-sm-700x914.jpg 700w, https:\/\/stephane-martin.fr\/wp-content\/uploads\/2025\/07\/entete2-sm-scaled.jpg 1960w\" sizes=\"(max-width: 784px) 100vw, 784px\" \/>\t\t\t\t\t\t\t\t\t\t\t\t\t\t\t<\/div>\n\t\t\t\t<\/div>\n\t\t\t\t<\/div>\n\t\t<div class=\"elementor-element elementor-element-141869e e-con-full e-flex parallax_section_no qode_elementor_container_no e-con e-child\" data-id=\"141869e\" data-element_type=\"container\">\n\t\t\t\t<div class=\"elementor-element elementor-element-88d1b1a elementor-widget elementor-widget-heading\" data-id=\"88d1b1a\" data-element_type=\"widget\" data-widget_type=\"heading.default\">\n\t\t\t\t<div class=\"elementor-widget-container\">\n\t\t\t\t\t<h4 class=\"elementor-heading-title elementor-size-default\">St\u00e9phane Martin<\/h4>\t\t\t\t<\/div>\n\t\t\t\t<\/div>\n\t\t\t\t<div class=\"elementor-element elementor-element-2815ac9 elementor-widget elementor-widget-text-editor\" data-id=\"2815ac9\" data-element_type=\"widget\" data-widget_type=\"text-editor.default\">\n\t\t\t\t<div class=\"elementor-widget-container\">\n\t\t\t\t\t\t\t\t\t<p><strong>N\u00e9 le 25 juin 1970 \u00e0 Nanterre (92), titulaire d&rsquo;une Ma\u00eetrise d&rsquo;Arts Plastiques (Paris 1 Sorbonne), directeur artistique et artiste plasticien.<\/strong><\/p>\t\t\t\t\t\t\t\t<\/div>\n\t\t\t\t<\/div>\n\t\t\t\t<div class=\"elementor-element elementor-element-2cf424a elementor-widget elementor-widget-text-editor\" data-id=\"2cf424a\" data-element_type=\"widget\" data-widget_type=\"text-editor.default\">\n\t\t\t\t<div class=\"elementor-widget-container\">\n\t\t\t\t\t\t\t\t\t<p>Mes tableaux sont des \u00e9crans de projection. Surfaces psychotropes, autant de portes ouvertes sur les champs des possibles, Champs Elys\u00e9ens o\u00f9 nos souvenirs sont nimb\u00e9s de la lumi\u00e8re mystique de l\u2019or.<\/p>\t\t\t\t\t\t\t\t<\/div>\n\t\t\t\t<\/div>\n\t\t\t\t<div class=\"elementor-element elementor-element-8058d82 elementor-widget elementor-widget-text-editor\" data-id=\"8058d82\" data-element_type=\"widget\" data-widget_type=\"text-editor.default\">\n\t\t\t\t<div class=\"elementor-widget-container\">\n\t\t\t\t\t\t\t\t\t<p>Je con\u00e7ois mes peintures comme des portes d\u00e9rob\u00e9es vers le jardin secret du spectateur, une collection de souvenirs en trompe-l\u2019\u0153il, d\u2019un pass\u00e9 peupl\u00e9 de mythes invent\u00e9s, entretenant la confusion entre les \u00e9poques, o\u00f9 la geste hom\u00e9rique et l&rsquo;imagerie hollywoodienne sont mises sur un m\u00eame plan. Mythologies personnelles \u00e9pingl\u00e9es, fig\u00e9es sous nos yeux pour toujours dans l\u2019\u00e9nigme de leur \u00e9trange familiarit\u00e9 : figures populaires dont le souvenir fugace est transfigur\u00e9 par la mise en image sacr\u00e9e.<\/p>\t\t\t\t\t\t\t\t<\/div>\n\t\t\t\t<\/div>\n\t\t\t\t<div class=\"elementor-element elementor-element-f99689a elementor-widget elementor-widget-text-editor\" data-id=\"f99689a\" data-element_type=\"widget\" data-widget_type=\"text-editor.default\">\n\t\t\t\t<div class=\"elementor-widget-container\">\n\t\t\t\t\t\t\t\t\t<p>Un regard \u00e9nigmatique, la proportion inattendue d\u2019un portrait, une \u00e9conomie du vocabulaire picturale r\u00e9duit \u00e0 l\u2019essentiel, une technique anachronique qui parasite la \u00ab reconnaissance \u00bb du sujet. C\u2019est dans ce doute, par cette faille dans nos certitudes, que s\u2019op\u00e8re le d\u00e9pouillement de notre regard de tout r\u00e9f\u00e9rent culturel, cet abandon n\u00e9cessaire \u00e0 l&rsquo;\u00e9piphanie d&rsquo;une image regard\u00e9e qui se pare d\u2019un sens po\u00e9tique nouveau. Chacune de mes \u0153uvres est une invitation \u00e0 la lecture de notre monde int\u00e9rieur. Un miroir qui renvoie le regard po\u00e9tique de chacun, plein de questionnante certitude.<\/p>\t\t\t\t\t\t\t\t<\/div>\n\t\t\t\t<\/div>\n\t\t\t\t<div class=\"elementor-element elementor-element-bf51ae6 elementor-widget elementor-widget-text-editor\" data-id=\"bf51ae6\" data-element_type=\"widget\" data-widget_type=\"text-editor.default\">\n\t\t\t\t<div class=\"elementor-widget-container\">\n\t\t\t\t\t\t\t\t\t<p>Mon travail ne cesse d\u2019interroger le statut de l\u2019\u0153uvre, comme objet-\u00e0-regarder. L&rsquo;image est une construction, un artefact dont la force d&rsquo;\u00e9vocation est indissociable du support sur lequel elle prend forme. Mon v\u00e9ritable et unique sujet, c\u2019est la peinture. Ainsi la toile, la planche de bois ou la plaque de m\u00e9tal deviennent des supports signifiants. J\u2019y confronte une imagerie populaire au vocabulaire formel de la peinture d\u2019ic\u00f4ne, J\u2019y juxtapose aussi une mythologie universelle \u00e0 un Panth\u00e9on intime. Comme pour illustrer la vision d\u00e9finitivement clairvoyante d\u2019Andr\u00e9 Breton, la beaut\u00e9 que je cherche \u00e0 exprimer est convulsive: Orph\u00e9e prend les traits d\u2019un fameux boxeur italien aux proportions monstrueuses, Eurydice est une rubbergirl BDSM envelopp\u00e9e de latex, l\u2019ange pensif a le visage d\u2019un souvenir cin\u00e9matographique de notre enfance, l\u2019Annonce faite \u00e0 Marie se d\u00e9roule \u00ab hors champs \u00bb dans un retable peint sur skateboards&#8230;<\/p>\t\t\t\t\t\t\t\t<\/div>\n\t\t\t\t<\/div>\n\t\t\t\t<div class=\"elementor-element elementor-element-4a832b2 elementor-widget elementor-widget-text-editor\" data-id=\"4a832b2\" data-element_type=\"widget\" data-widget_type=\"text-editor.default\">\n\t\t\t\t<div class=\"elementor-widget-container\">\n\t\t\t\t\t\t\t\t\t<p>Le fond d\u2019or vient sublimer le trivial, le trivial vient incarner, donner sa chair \u00e0 l\u2019ic\u00f4ne. Ce va et vient entre le profane et le sacr\u00e9, renforce l\u2019un et l\u2019autre dans un \u00e9change d\u2019\u00e9nergie \u00e0 flux continu qui cr\u00e9\u00e9 un champ de force dont la double et antinomique propri\u00e9t\u00e9 est de vous attirer et vous tenir \u00e0 distance. C\u2019est \u00e0 cette condition \u00e9lectro-magn\u00e9tique particuli\u00e8re que peuvent s\u2019ouvrir certaines portes qu\u2019on pensait ferm\u00e9es \u00e0 double tour.<\/p>\t\t\t\t\t\t\t\t<\/div>\n\t\t\t\t<\/div>\n\t\t\t\t<div class=\"elementor-element elementor-element-81243da elementor-widget__width-inherit e-grid-align-left elementor-shape-rounded elementor-grid-0 elementor-widget elementor-widget-social-icons\" data-id=\"81243da\" data-element_type=\"widget\" data-widget_type=\"social-icons.default\">\n\t\t\t\t<div class=\"elementor-widget-container\">\n\t\t\t\t\t\t\t<div class=\"elementor-social-icons-wrapper elementor-grid\" role=\"list\">\n\t\t\t\t\t\t\t<span class=\"elementor-grid-item\" role=\"listitem\">\n\t\t\t\t\t<a class=\"elementor-icon elementor-social-icon elementor-social-icon-instagram elementor-repeater-item-b695e5a\" href=\"https:\/\/www.instagram.com\/art.by.stef\/\" target=\"_blank\">\n\t\t\t\t\t\t<span class=\"elementor-screen-only\">Instagram<\/span>\n\t\t\t\t\t\t<svg class=\"e-font-icon-svg e-fab-instagram\" viewBox=\"0 0 448 512\" xmlns=\"http:\/\/www.w3.org\/2000\/svg\"><path d=\"M224.1 141c-63.6 0-114.9 51.3-114.9 114.9s51.3 114.9 114.9 114.9S339 319.5 339 255.9 287.7 141 224.1 141zm0 189.6c-41.1 0-74.7-33.5-74.7-74.7s33.5-74.7 74.7-74.7 74.7 33.5 74.7 74.7-33.6 74.7-74.7 74.7zm146.4-194.3c0 14.9-12 26.8-26.8 26.8-14.9 0-26.8-12-26.8-26.8s12-26.8 26.8-26.8 26.8 12 26.8 26.8zm76.1 27.2c-1.7-35.9-9.9-67.7-36.2-93.9-26.2-26.2-58-34.4-93.9-36.2-37-2.1-147.9-2.1-184.9 0-35.8 1.7-67.6 9.9-93.9 36.1s-34.4 58-36.2 93.9c-2.1 37-2.1 147.9 0 184.9 1.7 35.9 9.9 67.7 36.2 93.9s58 34.4 93.9 36.2c37 2.1 147.9 2.1 184.9 0 35.9-1.7 67.7-9.9 93.9-36.2 26.2-26.2 34.4-58 36.2-93.9 2.1-37 2.1-147.8 0-184.8zM398.8 388c-7.8 19.6-22.9 34.7-42.6 42.6-29.5 11.7-99.5 9-132.1 9s-102.7 2.6-132.1-9c-19.6-7.8-34.7-22.9-42.6-42.6-11.7-29.5-9-99.5-9-132.1s-2.6-102.7 9-132.1c7.8-19.6 22.9-34.7 42.6-42.6 29.5-11.7 99.5-9 132.1-9s102.7-2.6 132.1 9c19.6 7.8 34.7 22.9 42.6 42.6 11.7 29.5 9 99.5 9 132.1s2.7 102.7-9 132.1z\"><\/path><\/svg>\t\t\t\t\t<\/a>\n\t\t\t\t<\/span>\n\t\t\t\t\t\t\t<span class=\"elementor-grid-item\" role=\"listitem\">\n\t\t\t\t\t<a class=\"elementor-icon elementor-social-icon elementor-social-icon-threads elementor-repeater-item-80f5e14\" href=\"https:\/\/www.threads.com\/@art.by.stef\" target=\"_blank\">\n\t\t\t\t\t\t<span class=\"elementor-screen-only\">Threads<\/span>\n\t\t\t\t\t\t<svg class=\"e-font-icon-svg e-fab-threads\" viewBox=\"0 0 448 512\" xmlns=\"http:\/\/www.w3.org\/2000\/svg\"><path d=\"M331.5 235.7c2.2 .9 4.2 1.9 6.3 2.8c29.2 14.1 50.6 35.2 61.8 61.4c15.7 36.5 17.2 95.8-30.3 143.2c-36.2 36.2-80.3 52.5-142.6 53h-.3c-70.2-.5-124.1-24.1-160.4-70.2c-32.3-41-48.9-98.1-49.5-169.6V256v-.2C17 184.3 33.6 127.2 65.9 86.2C102.2 40.1 156.2 16.5 226.4 16h.3c70.3 .5 124.9 24 162.3 69.9c18.4 22.7 32 50 40.6 81.7l-40.4 10.8c-7.1-25.8-17.8-47.8-32.2-65.4c-29.2-35.8-73-54.2-130.5-54.6c-57 .5-100.1 18.8-128.2 54.4C72.1 146.1 58.5 194.3 58 256c.5 61.7 14.1 109.9 40.3 143.3c28 35.6 71.2 53.9 128.2 54.4c51.4-.4 85.4-12.6 113.7-40.9c32.3-32.2 31.7-71.8 21.4-95.9c-6.1-14.2-17.1-26-31.9-34.9c-3.7 26.9-11.8 48.3-24.7 64.8c-17.1 21.8-41.4 33.6-72.7 35.3c-23.6 1.3-46.3-4.4-63.9-16c-20.8-13.8-33-34.8-34.3-59.3c-2.5-48.3 35.7-83 95.2-86.4c21.1-1.2 40.9-.3 59.2 2.8c-2.4-14.8-7.3-26.6-14.6-35.2c-10-11.7-25.6-17.7-46.2-17.8H227c-16.6 0-39 4.6-53.3 26.3l-34.4-23.6c19.2-29.1 50.3-45.1 87.8-45.1h.8c62.6 .4 99.9 39.5 103.7 107.7l-.2 .2zm-156 68.8c1.3 25.1 28.4 36.8 54.6 35.3c25.6-1.4 54.6-11.4 59.5-73.2c-13.2-2.9-27.8-4.4-43.4-4.4c-4.8 0-9.6 .1-14.4 .4c-42.9 2.4-57.2 23.2-56.2 41.8l-.1 .1z\"><\/path><\/svg>\t\t\t\t\t<\/a>\n\t\t\t\t<\/span>\n\t\t\t\t\t\t\t<span class=\"elementor-grid-item\" role=\"listitem\">\n\t\t\t\t\t<a class=\"elementor-icon elementor-social-icon elementor-social-icon-envelope elementor-repeater-item-1469610\" href=\"mailto:contact@stephane-martin.fr\" target=\"_blank\">\n\t\t\t\t\t\t<span class=\"elementor-screen-only\">Envelope<\/span>\n\t\t\t\t\t\t<svg class=\"e-font-icon-svg e-fas-envelope\" viewBox=\"0 0 512 512\" xmlns=\"http:\/\/www.w3.org\/2000\/svg\"><path d=\"M502.3 190.8c3.9-3.1 9.7-.2 9.7 4.7V400c0 26.5-21.5 48-48 48H48c-26.5 0-48-21.5-48-48V195.6c0-5 5.7-7.8 9.7-4.7 22.4 17.4 52.1 39.5 154.1 113.6 21.1 15.4 56.7 47.8 92.2 47.6 35.7.3 72-32.8 92.3-47.6 102-74.1 131.6-96.3 154-113.7zM256 320c23.2.4 56.6-29.2 73.4-41.4 132.7-96.3 142.8-104.7 173.4-128.7 5.8-4.5 9.2-11.5 9.2-18.9v-19c0-26.5-21.5-48-48-48H48C21.5 64 0 85.5 0 112v19c0 7.4 3.4 14.3 9.2 18.9 30.6 23.9 40.7 32.4 173.4 128.7 16.8 12.2 50.2 41.8 73.4 41.4z\"><\/path><\/svg>\t\t\t\t\t<\/a>\n\t\t\t\t<\/span>\n\t\t\t\t\t<\/div>\n\t\t\t\t\t\t<\/div>\n\t\t\t\t<\/div>\n\t\t\t\t<div class=\"elementor-element elementor-element-34f5548 elementor-align-left elementor-widget__width-inherit elementor-widget elementor-widget-button\" data-id=\"34f5548\" data-element_type=\"widget\" data-widget_type=\"button.default\">\n\t\t\t\t<div class=\"elementor-widget-container\">\n\t\t\t\t\t\t\t\t\t<div class=\"elementor-button-wrapper\">\n\t\t\t\t\t<a class=\"elementor-button elementor-button-link elementor-size-sm\" href=\"https:\/\/www.stephane-martin.fr\/\/www\/wp-content\/uploads\/2025\/stephane-MARTIN-2025.pdf\">\n\t\t\t\t\t\t<span class=\"elementor-button-content-wrapper\">\n\t\t\t\t\t\t\t\t\t<span class=\"elementor-button-text\">T\u00e9l\u00e9charger le pdf<\/span>\n\t\t\t\t\t<\/span>\n\t\t\t\t\t<\/a>\n\t\t\t\t<\/div>\n\t\t\t\t\t\t\t\t<\/div>\n\t\t\t\t<\/div>\n\t\t\t\t<\/div>\n\t\t\t\t\t<\/div>\n\t\t\t\t<\/div>\n\t\t<div class=\"elementor-element elementor-element-787ed8b e-flex e-con-boxed parallax_section_no qode_elementor_container_no e-con e-parent\" data-id=\"787ed8b\" data-element_type=\"container\">\n\t\t\t\t\t<div class=\"e-con-inner\">\n\t\t\t\t<div class=\"elementor-element elementor-element-7871724 elementor-widget elementor-widget-spacer\" data-id=\"7871724\" data-element_type=\"widget\" data-widget_type=\"spacer.default\">\n\t\t\t\t<div class=\"elementor-widget-container\">\n\t\t\t\t\t\t\t<div class=\"elementor-spacer\">\n\t\t\t<div class=\"elementor-spacer-inner\"><\/div>\n\t\t<\/div>\n\t\t\t\t\t\t<\/div>\n\t\t\t\t<\/div>\n\t\t\t\t\t<\/div>\n\t\t\t\t<\/div>\n\t\t<div class=\"elementor-element elementor-element-2c6367d e-con-full e-flex parallax_section_no qode_elementor_container_no e-con e-parent\" data-id=\"2c6367d\" data-element_type=\"container\">\n\t\t\t\t<div class=\"elementor-element elementor-element-9b3f534 elementor-widget elementor-widget-image\" data-id=\"9b3f534\" data-element_type=\"widget\" data-widget_type=\"image.default\">\n\t\t\t\t<div class=\"elementor-widget-container\">\n\t\t\t\t\t\t\t\t\t\t\t\t\t\t\t<img decoding=\"async\" width=\"1300\" height=\"650\" src=\"https:\/\/stephane-martin.fr\/wp-content\/uploads\/2025\/06\/509328275-10162606317459096-5993684575995564144-n-1300x650.jpg\" class=\"attachment-qi_addons_for_elementor_image_size_landscape size-qi_addons_for_elementor_image_size_landscape wp-image-664\" alt=\"\" srcset=\"https:\/\/stephane-martin.fr\/wp-content\/uploads\/2025\/06\/509328275-10162606317459096-5993684575995564144-n-1300x650.jpg 1300w, https:\/\/stephane-martin.fr\/wp-content\/uploads\/2025\/06\/509328275-10162606317459096-5993684575995564144-n-1000x500.jpg 1000w\" sizes=\"(max-width: 1300px) 100vw, 1300px\" \/>\t\t\t\t\t\t\t\t\t\t\t\t\t\t\t<\/div>\n\t\t\t\t<\/div>\n\t\t\t\t<\/div>\n\t\t\t\t<\/div>\n\t\t","protected":false},"excerpt":{"rendered":"<p>St\u00e9phane Martin N\u00e9 le 25 juin 1970 \u00e0 Nanterre (92), titulaire d&rsquo;une Ma\u00eetrise d&rsquo;Arts Plastiques (Paris 1 Sorbonne), directeur artistique et artiste plasticien. Mes tableaux sont des \u00e9crans de projection. Surfaces psychotropes, autant de portes ouvertes sur les champs des possibles, Champs Elys\u00e9ens o\u00f9 nos&#8230;<\/p>\n","protected":false},"author":1,"featured_media":0,"parent":0,"menu_order":0,"comment_status":"closed","ping_status":"closed","template":"full_width.php","meta":{"footnotes":""},"class_list":["post-210","page","type-page","status-publish","hentry"],"yoast_head":"<!-- This site is optimized with the Yoast SEO plugin v25.7 - https:\/\/yoast.com\/wordpress\/plugins\/seo\/ -->\n<title>St\u00e9phane Martin - St\u00e9phane MARTIN - Artiste Plasticien<\/title>\n<meta name=\"robots\" content=\"noindex, follow, max-snippet:-1, max-image-preview:large, max-video-preview:-1\" \/>\n<meta property=\"og:locale\" content=\"fr_FR\" \/>\n<meta property=\"og:type\" content=\"article\" \/>\n<meta property=\"og:title\" content=\"St\u00e9phane Martin - St\u00e9phane MARTIN - Artiste Plasticien\" \/>\n<meta property=\"og:description\" content=\"St\u00e9phane Martin N\u00e9 le 25 juin 1970 \u00e0 Nanterre (92), titulaire d&rsquo;une Ma\u00eetrise d&rsquo;Arts Plastiques (Paris 1 Sorbonne), directeur artistique et artiste plasticien. Mes tableaux sont des \u00e9crans de projection. Surfaces psychotropes, autant de portes ouvertes sur les champs des possibles, Champs Elys\u00e9ens o\u00f9 nos...\" \/>\n<meta property=\"og:url\" content=\"https:\/\/stephane-martin.fr\/index.php\/presentation\/\" \/>\n<meta property=\"og:site_name\" content=\"St\u00e9phane MARTIN - Artiste Plasticien\" \/>\n<meta property=\"article:modified_time\" content=\"2025-09-12T09:04:00+00:00\" \/>\n<meta property=\"og:image\" content=\"https:\/\/stephane-martin.fr\/wp-content\/uploads\/2025\/07\/entete2-sm-scaled.jpg\" \/>\n\t<meta property=\"og:image:width\" content=\"1960\" \/>\n\t<meta property=\"og:image:height\" content=\"2560\" \/>\n\t<meta property=\"og:image:type\" content=\"image\/jpeg\" \/>\n<meta name=\"twitter:card\" content=\"summary_large_image\" \/>\n<meta name=\"twitter:label1\" content=\"Dur\u00e9e de lecture estim\u00e9e\" \/>\n\t<meta name=\"twitter:data1\" content=\"3 minutes\" \/>\n<script type=\"application\/ld+json\" class=\"yoast-schema-graph\">{\"@context\":\"https:\/\/schema.org\",\"@graph\":[{\"@type\":\"WebPage\",\"@id\":\"https:\/\/stephane-martin.fr\/index.php\/presentation\/\",\"url\":\"https:\/\/stephane-martin.fr\/index.php\/presentation\/\",\"name\":\"St\u00e9phane Martin - St\u00e9phane MARTIN - Artiste Plasticien\",\"isPartOf\":{\"@id\":\"https:\/\/stephane-martin.fr\/#website\"},\"primaryImageOfPage\":{\"@id\":\"https:\/\/stephane-martin.fr\/index.php\/presentation\/#primaryimage\"},\"image\":{\"@id\":\"https:\/\/stephane-martin.fr\/index.php\/presentation\/#primaryimage\"},\"thumbnailUrl\":\"https:\/\/stephane-martin.fr\/wp-content\/uploads\/2025\/07\/entete2-sm-784x1024.jpg\",\"datePublished\":\"2019-11-26T09:08:26+00:00\",\"dateModified\":\"2025-09-12T09:04:00+00:00\",\"breadcrumb\":{\"@id\":\"https:\/\/stephane-martin.fr\/index.php\/presentation\/#breadcrumb\"},\"inLanguage\":\"fr-FR\",\"potentialAction\":[{\"@type\":\"ReadAction\",\"target\":[\"https:\/\/stephane-martin.fr\/index.php\/presentation\/\"]}]},{\"@type\":\"ImageObject\",\"inLanguage\":\"fr-FR\",\"@id\":\"https:\/\/stephane-martin.fr\/index.php\/presentation\/#primaryimage\",\"url\":\"https:\/\/stephane-martin.fr\/wp-content\/uploads\/2025\/07\/entete2-sm-scaled.jpg\",\"contentUrl\":\"https:\/\/stephane-martin.fr\/wp-content\/uploads\/2025\/07\/entete2-sm-scaled.jpg\",\"width\":1960,\"height\":2560},{\"@type\":\"BreadcrumbList\",\"@id\":\"https:\/\/stephane-martin.fr\/index.php\/presentation\/#breadcrumb\",\"itemListElement\":[{\"@type\":\"ListItem\",\"position\":1,\"name\":\"Accueil\",\"item\":\"https:\/\/stephane-martin.fr\/\"},{\"@type\":\"ListItem\",\"position\":2,\"name\":\"St\u00e9phane Martin\"}]},{\"@type\":\"WebSite\",\"@id\":\"https:\/\/stephane-martin.fr\/#website\",\"url\":\"https:\/\/stephane-martin.fr\/\",\"name\":\"St\u00e9phane MARTIN - Artiste Plasticien\",\"description\":\"Peintre d&#039;Ic\u00f4nes Contemporaines\",\"publisher\":{\"@id\":\"https:\/\/stephane-martin.fr\/#\/schema\/person\/f4352cda1c7a9ea65fc2123cecb55af9\"},\"potentialAction\":[{\"@type\":\"SearchAction\",\"target\":{\"@type\":\"EntryPoint\",\"urlTemplate\":\"https:\/\/stephane-martin.fr\/?s={search_term_string}\"},\"query-input\":{\"@type\":\"PropertyValueSpecification\",\"valueRequired\":true,\"valueName\":\"search_term_string\"}}],\"inLanguage\":\"fr-FR\"},{\"@type\":[\"Person\",\"Organization\"],\"@id\":\"https:\/\/stephane-martin.fr\/#\/schema\/person\/f4352cda1c7a9ea65fc2123cecb55af9\",\"name\":\"St\u00e9phane MARTIN\",\"image\":{\"@type\":\"ImageObject\",\"inLanguage\":\"fr-FR\",\"@id\":\"https:\/\/stephane-martin.fr\/#\/schema\/person\/image\/\",\"url\":\"https:\/\/stephane-martin.fr\/wp-content\/uploads\/2025\/06\/favicon.png\",\"contentUrl\":\"https:\/\/stephane-martin.fr\/wp-content\/uploads\/2025\/06\/favicon.png\",\"width\":512,\"height\":512,\"caption\":\"St\u00e9phane MARTIN\"},\"logo\":{\"@id\":\"https:\/\/stephane-martin.fr\/#\/schema\/person\/image\/\"},\"sameAs\":[\"http:\/\/stephane-martin.fr\"]}]}<\/script>\n<!-- \/ Yoast SEO plugin. -->","yoast_head_json":{"title":"St\u00e9phane Martin - St\u00e9phane MARTIN - Artiste Plasticien","robots":{"index":"noindex","follow":"follow","max-snippet":"max-snippet:-1","max-image-preview":"max-image-preview:large","max-video-preview":"max-video-preview:-1"},"og_locale":"fr_FR","og_type":"article","og_title":"St\u00e9phane Martin - St\u00e9phane MARTIN - Artiste Plasticien","og_description":"St\u00e9phane Martin N\u00e9 le 25 juin 1970 \u00e0 Nanterre (92), titulaire d&rsquo;une Ma\u00eetrise d&rsquo;Arts Plastiques (Paris 1 Sorbonne), directeur artistique et artiste plasticien. Mes tableaux sont des \u00e9crans de projection. Surfaces psychotropes, autant de portes ouvertes sur les champs des possibles, Champs Elys\u00e9ens o\u00f9 nos...","og_url":"https:\/\/stephane-martin.fr\/index.php\/presentation\/","og_site_name":"St\u00e9phane MARTIN - Artiste Plasticien","article_modified_time":"2025-09-12T09:04:00+00:00","og_image":[{"width":1960,"height":2560,"url":"https:\/\/stephane-martin.fr\/wp-content\/uploads\/2025\/07\/entete2-sm-scaled.jpg","type":"image\/jpeg"}],"twitter_card":"summary_large_image","twitter_misc":{"Dur\u00e9e de lecture estim\u00e9e":"3 minutes"},"schema":{"@context":"https:\/\/schema.org","@graph":[{"@type":"WebPage","@id":"https:\/\/stephane-martin.fr\/index.php\/presentation\/","url":"https:\/\/stephane-martin.fr\/index.php\/presentation\/","name":"St\u00e9phane Martin - St\u00e9phane MARTIN - Artiste Plasticien","isPartOf":{"@id":"https:\/\/stephane-martin.fr\/#website"},"primaryImageOfPage":{"@id":"https:\/\/stephane-martin.fr\/index.php\/presentation\/#primaryimage"},"image":{"@id":"https:\/\/stephane-martin.fr\/index.php\/presentation\/#primaryimage"},"thumbnailUrl":"https:\/\/stephane-martin.fr\/wp-content\/uploads\/2025\/07\/entete2-sm-784x1024.jpg","datePublished":"2019-11-26T09:08:26+00:00","dateModified":"2025-09-12T09:04:00+00:00","breadcrumb":{"@id":"https:\/\/stephane-martin.fr\/index.php\/presentation\/#breadcrumb"},"inLanguage":"fr-FR","potentialAction":[{"@type":"ReadAction","target":["https:\/\/stephane-martin.fr\/index.php\/presentation\/"]}]},{"@type":"ImageObject","inLanguage":"fr-FR","@id":"https:\/\/stephane-martin.fr\/index.php\/presentation\/#primaryimage","url":"https:\/\/stephane-martin.fr\/wp-content\/uploads\/2025\/07\/entete2-sm-scaled.jpg","contentUrl":"https:\/\/stephane-martin.fr\/wp-content\/uploads\/2025\/07\/entete2-sm-scaled.jpg","width":1960,"height":2560},{"@type":"BreadcrumbList","@id":"https:\/\/stephane-martin.fr\/index.php\/presentation\/#breadcrumb","itemListElement":[{"@type":"ListItem","position":1,"name":"Accueil","item":"https:\/\/stephane-martin.fr\/"},{"@type":"ListItem","position":2,"name":"St\u00e9phane Martin"}]},{"@type":"WebSite","@id":"https:\/\/stephane-martin.fr\/#website","url":"https:\/\/stephane-martin.fr\/","name":"St\u00e9phane MARTIN - Artiste Plasticien","description":"Peintre d&#039;Ic\u00f4nes Contemporaines","publisher":{"@id":"https:\/\/stephane-martin.fr\/#\/schema\/person\/f4352cda1c7a9ea65fc2123cecb55af9"},"potentialAction":[{"@type":"SearchAction","target":{"@type":"EntryPoint","urlTemplate":"https:\/\/stephane-martin.fr\/?s={search_term_string}"},"query-input":{"@type":"PropertyValueSpecification","valueRequired":true,"valueName":"search_term_string"}}],"inLanguage":"fr-FR"},{"@type":["Person","Organization"],"@id":"https:\/\/stephane-martin.fr\/#\/schema\/person\/f4352cda1c7a9ea65fc2123cecb55af9","name":"St\u00e9phane MARTIN","image":{"@type":"ImageObject","inLanguage":"fr-FR","@id":"https:\/\/stephane-martin.fr\/#\/schema\/person\/image\/","url":"https:\/\/stephane-martin.fr\/wp-content\/uploads\/2025\/06\/favicon.png","contentUrl":"https:\/\/stephane-martin.fr\/wp-content\/uploads\/2025\/06\/favicon.png","width":512,"height":512,"caption":"St\u00e9phane MARTIN"},"logo":{"@id":"https:\/\/stephane-martin.fr\/#\/schema\/person\/image\/"},"sameAs":["http:\/\/stephane-martin.fr"]}]}},"_links":{"self":[{"href":"https:\/\/stephane-martin.fr\/index.php\/wp-json\/wp\/v2\/pages\/210","targetHints":{"allow":["GET"]}}],"collection":[{"href":"https:\/\/stephane-martin.fr\/index.php\/wp-json\/wp\/v2\/pages"}],"about":[{"href":"https:\/\/stephane-martin.fr\/index.php\/wp-json\/wp\/v2\/types\/page"}],"author":[{"embeddable":true,"href":"https:\/\/stephane-martin.fr\/index.php\/wp-json\/wp\/v2\/users\/1"}],"replies":[{"embeddable":true,"href":"https:\/\/stephane-martin.fr\/index.php\/wp-json\/wp\/v2\/comments?post=210"}],"version-history":[{"count":102,"href":"https:\/\/stephane-martin.fr\/index.php\/wp-json\/wp\/v2\/pages\/210\/revisions"}],"predecessor-version":[{"id":1673,"href":"https:\/\/stephane-martin.fr\/index.php\/wp-json\/wp\/v2\/pages\/210\/revisions\/1673"}],"wp:attachment":[{"href":"https:\/\/stephane-martin.fr\/index.php\/wp-json\/wp\/v2\/media?parent=210"}],"curies":[{"name":"wp","href":"https:\/\/api.w.org\/{rel}","templated":true}]}}